{"id":5657,"date":"2025-11-04T15:29:42","date_gmt":"2025-11-04T14:29:42","guid":{"rendered":"https:\/\/oxalia.eu\/?post_type=product&#038;p=5657"},"modified":"2026-03-03T14:59:03","modified_gmt":"2026-03-03T13:59:03","slug":"slim-roller","status":"publish","type":"product","link":"https:\/\/oxalia.eu\/es\/producto\/slim-roller\/","title":{"rendered":"Slim Roller"},"content":{"rendered":"\t\t<div data-elementor-type=\"product-post\" data-elementor-id=\"5657\" class=\"elementor elementor-5657\" data-elementor-post-type=\"product\">\n\t\t\t\t<div class=\"elementor-element elementor-element-236ad4e3 e-flex e-con-boxed e-con e-parent\" data-id=\"236ad4e3\" data-element_type=\"container\" data-e-type=\"container\">\n\t\t\t\t\t<div class=\"e-con-inner\">\n\t\t\t\t<div class=\"elementor-element elementor-element-2f8e3772 elementor-widget elementor-widget-text-editor\" data-id=\"2f8e3772\" data-element_type=\"widget\" data-e-type=\"widget\" data-widget_type=\"text-editor.default\">\n\t\t\t\t<div class=\"elementor-widget-container\">\n\t\t\t\t\t\t\t\t\t<h2>Accessoire de massage en bois<\/h2><p>Fabriqu\u00e9 en France en bois de charme (consid\u00e9r\u00e9 comme hypoallerg\u00e9nique), il g\u00e9n\u00e8re une action p\u00e9trissante, drainante et favorise la d\u00e9contraction musculaire. Le drainage lymphatique qu\u2019il prodigue permet de d\u00e9toxifier les tissus et faciliter la r\u00e9g\u00e9n\u00e9ration cellulaire. Il att\u00e9nue la cellulite aqueuse en r\u00e9duisant la r\u00e9tention d\u2019eau et en stimulant la microcirculation. <br \/>Ergonomique, il permet une bonne prise en main et s\u2019adapte \u00e0 toutes les parties du corps. Facile \u00e0 utiliser et non-contraignant, il ne demande que 3 min par jour, pour une sensation imm\u00e9diate de l\u00e9g\u00e8ret\u00e9 !<\/p>\t\t\t\t\t\t\t\t<\/div>\n\t\t\t\t<\/div>\n\t\t\t\t\t<\/div>\n\t\t\t\t<\/div>\n\t\t<div class=\"elementor-element elementor-element-1ac1c784 e-con-full e-flex e-con e-child\" data-id=\"1ac1c784\" data-element_type=\"container\" data-e-type=\"container\">\n\t\t<div class=\"elementor-element elementor-element-54c662fc e-con-full e-flex e-con e-child\" data-id=\"54c662fc\" data-element_type=\"container\" data-e-type=\"container\">\n\t\t\t\t<div class=\"elementor-element elementor-element-17cbf3ec elementor-widget elementor-widget-image\" data-id=\"17cbf3ec\" data-element_type=\"widget\" data-e-type=\"widget\" data-widget_type=\"image.default\">\n\t\t\t\t<div class=\"elementor-widget-container\">\n\t\t\t\t\t\t\t\t\t\t\t\t\t\t\t\t<a href=\"\/instituts-estheticiennes-partenaires\/\">\n\t\t\t\t\t\t\t<img fetchpriority=\"high\" decoding=\"async\" width=\"350\" height=\"350\" src=\"https:\/\/oxalia.eu\/wp-content\/uploads\/2025\/05\/institut-1.webp\" class=\"attachment-large size-large wp-image-1824\" alt=\"\" srcset=\"https:\/\/oxalia.eu\/wp-content\/uploads\/2025\/05\/institut-1.webp 350w, https:\/\/oxalia.eu\/wp-content\/uploads\/2025\/05\/institut-1-300x300.webp 300w, https:\/\/oxalia.eu\/wp-content\/uploads\/2025\/05\/institut-1-150x150.webp 150w, https:\/\/oxalia.eu\/wp-content\/uploads\/2025\/05\/institut-1-100x100.webp 100w, https:\/\/oxalia.eu\/wp-content\/uploads\/2025\/05\/institut-1-64x64.webp 64w\" sizes=\"(max-width: 350px) 100vw, 350px\" \/>\t\t\t\t\t\t\t\t<\/a>\n\t\t\t\t\t\t\t\t\t\t\t\t\t\t\t<\/div>\n\t\t\t\t<\/div>\n\t\t\t\t<div class=\"elementor-element elementor-element-17054585 elementor-widget elementor-widget-text-editor\" data-id=\"17054585\" data-element_type=\"widget\" data-e-type=\"widget\" data-widget_type=\"text-editor.default\">\n\t\t\t\t<div class=\"elementor-widget-container\">\n\t\t\t\t\t\t\t\t\t<p style=\"text-align: center;\"><span style=\"color: #808080;\"><a style=\"color: #808080;\" href=\"\/instituts-estheticiennes-partenaires\/\"><strong>Trouvez votre institut<\/strong><\/a><\/span><\/p>\t\t\t\t\t\t\t\t<\/div>\n\t\t\t\t<\/div>\n\t\t\t\t<\/div>\n\t\t<div class=\"elementor-element elementor-element-5639bc5a e-con-full e-flex e-con e-child\" data-id=\"5639bc5a\" data-element_type=\"container\" data-e-type=\"container\">\n\t\t\t\t<div class=\"elementor-element elementor-element-60ac63b7 elementor-widget elementor-widget-image\" data-id=\"60ac63b7\" data-element_type=\"widget\" data-e-type=\"widget\" data-widget_type=\"image.default\">\n\t\t\t\t<div class=\"elementor-widget-container\">\n\t\t\t\t\t\t\t\t\t\t\t\t\t\t\t<img decoding=\"async\" width=\"1024\" height=\"978\" src=\"https:\/\/oxalia.eu\/wp-content\/uploads\/2025\/05\/certifie-bio-logo-cosmos-1024x978.webp\" class=\"attachment-large size-large wp-image-1815\" alt=\"\" srcset=\"https:\/\/oxalia.eu\/wp-content\/uploads\/2025\/05\/certifie-bio-logo-cosmos-1024x978.webp 1024w, https:\/\/oxalia.eu\/wp-content\/uploads\/2025\/05\/certifie-bio-logo-cosmos-300x287.webp 300w, https:\/\/oxalia.eu\/wp-content\/uploads\/2025\/05\/certifie-bio-logo-cosmos-768x734.webp 768w, https:\/\/oxalia.eu\/wp-content\/uploads\/2025\/05\/certifie-bio-logo-cosmos-600x573.webp 600w, https:\/\/oxalia.eu\/wp-content\/uploads\/2025\/05\/certifie-bio-logo-cosmos-64x61.webp 64w, https:\/\/oxalia.eu\/wp-content\/uploads\/2025\/05\/certifie-bio-logo-cosmos.webp 1412w\" sizes=\"(max-width: 1024px) 100vw, 1024px\" \/>\t\t\t\t\t\t\t\t\t\t\t\t\t\t\t<\/div>\n\t\t\t\t<\/div>\n\t\t\t\t<div class=\"elementor-element elementor-element-1eca54dd elementor-widget elementor-widget-text-editor\" data-id=\"1eca54dd\" data-element_type=\"widget\" data-e-type=\"widget\" data-widget_type=\"text-editor.default\">\n\t\t\t\t<div class=\"elementor-widget-container\">\n\t\t\t\t\t\t\t\t\t<p style=\"text-align: center;\"><span style=\"color: #808080;\"><strong>Certifi\u00e9 biologique<\/strong><\/span><\/p>\t\t\t\t\t\t\t\t<\/div>\n\t\t\t\t<\/div>\n\t\t\t\t<\/div>\n\t\t<div class=\"elementor-element elementor-element-2c402a e-con-full e-flex e-con e-child\" data-id=\"2c402a\" data-element_type=\"container\" data-e-type=\"container\">\n\t\t\t\t<div class=\"elementor-element elementor-element-3ca96c09 elementor-widget elementor-widget-image\" data-id=\"3ca96c09\" data-element_type=\"widget\" data-e-type=\"widget\" data-widget_type=\"image.default\">\n\t\t\t\t<div class=\"elementor-widget-container\">\n\t\t\t\t\t\t\t\t\t\t\t\t\t\t\t\t<a href=\"\/notre-philosophie\/\">\n\t\t\t\t\t\t\t<img decoding=\"async\" width=\"1024\" height=\"1024\" src=\"https:\/\/oxalia.eu\/wp-content\/uploads\/2025\/05\/fabrication-france-oxalia-1024x1024.webp\" class=\"attachment-large size-large wp-image-1818\" alt=\"\" srcset=\"https:\/\/oxalia.eu\/wp-content\/uploads\/2025\/05\/fabrication-france-oxalia-1024x1024.webp 1024w, https:\/\/oxalia.eu\/wp-content\/uploads\/2025\/05\/fabrication-france-oxalia-300x300.webp 300w, https:\/\/oxalia.eu\/wp-content\/uploads\/2025\/05\/fabrication-france-oxalia-150x150.webp 150w, https:\/\/oxalia.eu\/wp-content\/uploads\/2025\/05\/fabrication-france-oxalia-768x768.webp 768w, https:\/\/oxalia.eu\/wp-content\/uploads\/2025\/05\/fabrication-france-oxalia-600x600.webp 600w, https:\/\/oxalia.eu\/wp-content\/uploads\/2025\/05\/fabrication-france-oxalia-100x100.webp 100w, https:\/\/oxalia.eu\/wp-content\/uploads\/2025\/05\/fabrication-france-oxalia-64x64.webp 64w, https:\/\/oxalia.eu\/wp-content\/uploads\/2025\/05\/fabrication-france-oxalia.webp 1458w\" sizes=\"(max-width: 1024px) 100vw, 1024px\" \/>\t\t\t\t\t\t\t\t<\/a>\n\t\t\t\t\t\t\t\t\t\t\t\t\t\t\t<\/div>\n\t\t\t\t<\/div>\n\t\t\t\t<div class=\"elementor-element elementor-element-44dfc0e8 elementor-widget elementor-widget-text-editor\" data-id=\"44dfc0e8\" data-element_type=\"widget\" data-e-type=\"widget\" data-widget_type=\"text-editor.default\">\n\t\t\t\t<div class=\"elementor-widget-container\">\n\t\t\t\t\t\t\t\t\t<p style=\"text-align: center;\"><span style=\"color: #808080;\"><a style=\"color: #808080;\" href=\"\/notre-philosophie\/\"><strong>Fabriqu\u00e9 en France<\/strong><\/a><\/span><\/p>\t\t\t\t\t\t\t\t<\/div>\n\t\t\t\t<\/div>\n\t\t\t\t<\/div>\n\t\t\t\t<\/div>\n\t\t\t\t<\/div>\n\t\t","protected":false},"excerpt":{"rendered":"<p>Accessoire de massage en bois<\/p>\n","protected":false},"featured_media":6263,"comment_status":"open","ping_status":"closed","template":"","meta":{"_acf_changed":false,"ocean_post_layout":"","ocean_both_sidebars_style":"","ocean_both_sidebars_content_width":0,"ocean_both_sidebars_sidebars_width":0,"ocean_sidebar":"0","ocean_second_sidebar":"0","ocean_disable_margins":"enable","ocean_add_body_class":"","ocean_shortcode_before_top_bar":"","ocean_shortcode_after_top_bar":"","ocean_shortcode_before_header":"","ocean_shortcode_after_header":"","ocean_has_shortcode":"","ocean_shortcode_after_title":"","ocean_shortcode_before_footer_widgets":"","ocean_shortcode_after_footer_widgets":"","ocean_shortcode_before_footer_bottom":"","ocean_shortcode_after_footer_bottom":"","ocean_display_top_bar":"default","ocean_display_header":"default","ocean_header_style":"","ocean_center_header_left_menu":"0","ocean_custom_header_template":"0","ocean_custom_logo":0,"ocean_custom_retina_logo":0,"ocean_custom_logo_max_width":0,"ocean_custom_logo_tablet_max_width":0,"ocean_custom_logo_mobile_max_width":0,"ocean_custom_logo_max_height":0,"ocean_custom_logo_tablet_max_height":0,"ocean_custom_logo_mobile_max_height":0,"ocean_header_custom_menu":"0","ocean_menu_typo_font_family":"0","ocean_menu_typo_font_subset":"","ocean_menu_typo_font_size":0,"ocean_menu_typo_font_size_tablet":0,"ocean_menu_typo_font_size_mobile":0,"ocean_menu_typo_font_size_unit":"px","ocean_menu_typo_font_weight":"","ocean_menu_typo_font_weight_tablet":"","ocean_menu_typo_font_weight_mobile":"","ocean_menu_typo_transform":"","ocean_menu_typo_transform_tablet":"","ocean_menu_typo_transform_mobile":"","ocean_menu_typo_line_height":0,"ocean_menu_typo_line_height_tablet":0,"ocean_menu_typo_line_height_mobile":0,"ocean_menu_typo_line_height_unit":"","ocean_menu_typo_spacing":0,"ocean_menu_typo_spacing_tablet":0,"ocean_menu_typo_spacing_mobile":0,"ocean_menu_typo_spacing_unit":"","ocean_menu_link_color":"","ocean_menu_link_color_hover":"","ocean_menu_link_color_active":"","ocean_menu_link_background":"","ocean_menu_link_hover_background":"","ocean_menu_link_active_background":"","ocean_menu_social_links_bg":"","ocean_menu_social_hover_links_bg":"","ocean_menu_social_links_color":"","ocean_menu_social_hover_links_color":"","ocean_disable_title":"default","ocean_disable_heading":"default","ocean_post_title":"","ocean_post_subheading":"","ocean_post_title_style":"","ocean_post_title_background_color":"","ocean_post_title_background":0,"ocean_post_title_bg_image_position":"","ocean_post_title_bg_image_attachment":"","ocean_post_title_bg_image_repeat":"","ocean_post_title_bg_image_size":"","ocean_post_title_height":0,"ocean_post_title_bg_overlay":0.5,"ocean_post_title_bg_overlay_color":"","ocean_disable_breadcrumbs":"default","ocean_breadcrumbs_color":"","ocean_breadcrumbs_separator_color":"","ocean_breadcrumbs_links_color":"","ocean_breadcrumbs_links_hover_color":"","ocean_display_footer_widgets":"default","ocean_display_footer_bottom":"default","ocean_custom_footer_template":"0"},"product_brand":[],"product_cat":[33,54,35,90],"product_tag":[],"class_list":{"0":"post-5657","1":"product","2":"type-product","3":"status-publish","4":"has-post-thumbnail","6":"product_cat-nos-univers-corps","7":"product_cat-minceur","8":"product_cat-corps","9":"product_cat-cellulite-vergetures","11":"entry","12":"has-media","14":"first","15":"instock","16":"taxable","17":"shipping-taxable","18":"product-type-simple","19":"has-product-nav","20":"col","21":"span_1_of_4","22":"owp-content-center","23":"owp-thumbs-layout-horizontal","24":"owp-btn-normal","25":"owp-tabs-layout-horizontal","26":"has-no-thumbnails"},"acf":[],"yoast_head":"<!-- This site is optimized with the Yoast SEO plugin v27.3 - https:\/\/yoast.com\/product\/yoast-seo-wordpress\/ -->\n<title>Slim Roller | Oxalia<\/title>\n<meta name=\"robots\" content=\"index, follow, max-snippet:-1, max-image-preview:large, max-video-preview:-1\" \/>\n<link rel=\"canonical\" href=\"https:\/\/oxalia.eu\/produit\/slim-roller\/\" \/>\n<meta property=\"og:locale\" content=\"es_ES\" \/>\n<meta property=\"og:type\" content=\"article\" \/>\n<meta property=\"og:title\" content=\"Slim Roller | Oxalia\" \/>\n<meta property=\"og:description\" content=\"Accessoire de massage en bois\" \/>\n<meta property=\"og:url\" content=\"https:\/\/oxalia.eu\/produit\/slim-roller\/\" \/>\n<meta property=\"og:site_name\" content=\"Oxalia\" \/>\n<meta property=\"article:publisher\" content=\"https:\/\/www.facebook.com\/oxaliaofficiel\" \/>\n<meta property=\"article:modified_time\" content=\"2026-03-03T13:59:03+00:00\" \/>\n<meta property=\"og:image\" content=\"https:\/\/oxalia.eu\/wp-content\/uploads\/2025\/11\/slim-roller.webp\" \/>\n\t<meta property=\"og:image:width\" content=\"850\" \/>\n\t<meta property=\"og:image:height\" content=\"1000\" \/>\n\t<meta property=\"og:image:type\" content=\"image\/webp\" \/>\n<meta name=\"twitter:card\" content=\"summary_large_image\" \/>\n<meta name=\"twitter:label1\" content=\"Tiempo de lectura\" \/>\n\t<meta name=\"twitter:data1\" content=\"2 minuto\" \/>\n<script type=\"application\/ld+json\" class=\"yoast-schema-graph\">{\"@context\":\"https:\\\/\\\/schema.org\",\"@graph\":[{\"@type\":\"WebPage\",\"@id\":\"https:\\\/\\\/oxalia.eu\\\/produit\\\/slim-roller\\\/\",\"url\":\"https:\\\/\\\/oxalia.eu\\\/produit\\\/slim-roller\\\/\",\"name\":\"Slim Roller | Oxalia\",\"isPartOf\":{\"@id\":\"https:\\\/\\\/oxalia.eu\\\/#website\"},\"primaryImageOfPage\":{\"@id\":\"https:\\\/\\\/oxalia.eu\\\/produit\\\/slim-roller\\\/#primaryimage\"},\"image\":{\"@id\":\"https:\\\/\\\/oxalia.eu\\\/produit\\\/slim-roller\\\/#primaryimage\"},\"thumbnailUrl\":\"https:\\\/\\\/oxalia.eu\\\/wp-content\\\/uploads\\\/2025\\\/11\\\/slim-roller.webp\",\"datePublished\":\"2025-11-04T14:29:42+00:00\",\"dateModified\":\"2026-03-03T13:59:03+00:00\",\"breadcrumb\":{\"@id\":\"https:\\\/\\\/oxalia.eu\\\/produit\\\/slim-roller\\\/#breadcrumb\"},\"inLanguage\":\"es\",\"potentialAction\":[{\"@type\":\"ReadAction\",\"target\":[\"https:\\\/\\\/oxalia.eu\\\/produit\\\/slim-roller\\\/\"]}]},{\"@type\":\"ImageObject\",\"inLanguage\":\"es\",\"@id\":\"https:\\\/\\\/oxalia.eu\\\/produit\\\/slim-roller\\\/#primaryimage\",\"url\":\"https:\\\/\\\/oxalia.eu\\\/wp-content\\\/uploads\\\/2025\\\/11\\\/slim-roller.webp\",\"contentUrl\":\"https:\\\/\\\/oxalia.eu\\\/wp-content\\\/uploads\\\/2025\\\/11\\\/slim-roller.webp\",\"width\":850,\"height\":1000},{\"@type\":\"BreadcrumbList\",\"@id\":\"https:\\\/\\\/oxalia.eu\\\/produit\\\/slim-roller\\\/#breadcrumb\",\"itemListElement\":[{\"@type\":\"ListItem\",\"position\":1,\"name\":\"Accueil\",\"item\":\"https:\\\/\\\/oxalia.eu\\\/es\\\/\"},{\"@type\":\"ListItem\",\"position\":2,\"name\":\"Produits\",\"item\":\"https:\\\/\\\/oxalia.eu\\\/produits\\\/\"},{\"@type\":\"ListItem\",\"position\":3,\"name\":\"Slim Roller\"}]},{\"@type\":\"WebSite\",\"@id\":\"https:\\\/\\\/oxalia.eu\\\/#website\",\"url\":\"https:\\\/\\\/oxalia.eu\\\/\",\"name\":\"Oxalia\",\"description\":\"Cosm\u00e9tiques professionnels, biologiques, naturels et fabriqu\u00e9s en France\",\"publisher\":{\"@id\":\"https:\\\/\\\/oxalia.eu\\\/#organization\"},\"potentialAction\":[{\"@type\":\"SearchAction\",\"target\":{\"@type\":\"EntryPoint\",\"urlTemplate\":\"https:\\\/\\\/oxalia.eu\\\/?s={search_term_string}\"},\"query-input\":{\"@type\":\"PropertyValueSpecification\",\"valueRequired\":true,\"valueName\":\"search_term_string\"}}],\"inLanguage\":\"es\"},{\"@type\":\"Organization\",\"@id\":\"https:\\\/\\\/oxalia.eu\\\/#organization\",\"name\":\"Oxalia\",\"url\":\"https:\\\/\\\/oxalia.eu\\\/\",\"logo\":{\"@type\":\"ImageObject\",\"inLanguage\":\"es\",\"@id\":\"https:\\\/\\\/oxalia.eu\\\/#\\\/schema\\\/logo\\\/image\\\/\",\"url\":\"https:\\\/\\\/oxalia.eu\\\/wp-content\\\/uploads\\\/2025\\\/04\\\/cropped-logo-oxalia-gris.webp\",\"contentUrl\":\"https:\\\/\\\/oxalia.eu\\\/wp-content\\\/uploads\\\/2025\\\/04\\\/cropped-logo-oxalia-gris.webp\",\"width\":241,\"height\":76,\"caption\":\"Oxalia\"},\"image\":{\"@id\":\"https:\\\/\\\/oxalia.eu\\\/#\\\/schema\\\/logo\\\/image\\\/\"},\"sameAs\":[\"https:\\\/\\\/www.facebook.com\\\/oxaliaofficiel\",\"https:\\\/\\\/www.instagram.com\\\/oxalia.officiel\\\/\"]}]}<\/script>\n<!-- \/ Yoast SEO plugin. -->","yoast_head_json":{"title":"Slim Roller | Oxalia","robots":{"index":"index","follow":"follow","max-snippet":"max-snippet:-1","max-image-preview":"max-image-preview:large","max-video-preview":"max-video-preview:-1"},"canonical":"https:\/\/oxalia.eu\/produit\/slim-roller\/","og_locale":"es_ES","og_type":"article","og_title":"Slim Roller | Oxalia","og_description":"Accessoire de massage en bois","og_url":"https:\/\/oxalia.eu\/produit\/slim-roller\/","og_site_name":"Oxalia","article_publisher":"https:\/\/www.facebook.com\/oxaliaofficiel","article_modified_time":"2026-03-03T13:59:03+00:00","og_image":[{"width":850,"height":1000,"url":"https:\/\/oxalia.eu\/wp-content\/uploads\/2025\/11\/slim-roller.webp","type":"image\/webp"}],"twitter_card":"summary_large_image","twitter_misc":{"Tiempo de lectura":"2 minuto"},"schema":{"@context":"https:\/\/schema.org","@graph":[{"@type":"WebPage","@id":"https:\/\/oxalia.eu\/produit\/slim-roller\/","url":"https:\/\/oxalia.eu\/produit\/slim-roller\/","name":"Slim Roller | Oxalia","isPartOf":{"@id":"https:\/\/oxalia.eu\/#website"},"primaryImageOfPage":{"@id":"https:\/\/oxalia.eu\/produit\/slim-roller\/#primaryimage"},"image":{"@id":"https:\/\/oxalia.eu\/produit\/slim-roller\/#primaryimage"},"thumbnailUrl":"https:\/\/oxalia.eu\/wp-content\/uploads\/2025\/11\/slim-roller.webp","datePublished":"2025-11-04T14:29:42+00:00","dateModified":"2026-03-03T13:59:03+00:00","breadcrumb":{"@id":"https:\/\/oxalia.eu\/produit\/slim-roller\/#breadcrumb"},"inLanguage":"es","potentialAction":[{"@type":"ReadAction","target":["https:\/\/oxalia.eu\/produit\/slim-roller\/"]}]},{"@type":"ImageObject","inLanguage":"es","@id":"https:\/\/oxalia.eu\/produit\/slim-roller\/#primaryimage","url":"https:\/\/oxalia.eu\/wp-content\/uploads\/2025\/11\/slim-roller.webp","contentUrl":"https:\/\/oxalia.eu\/wp-content\/uploads\/2025\/11\/slim-roller.webp","width":850,"height":1000},{"@type":"BreadcrumbList","@id":"https:\/\/oxalia.eu\/produit\/slim-roller\/#breadcrumb","itemListElement":[{"@type":"ListItem","position":1,"name":"Accueil","item":"https:\/\/oxalia.eu\/es\/"},{"@type":"ListItem","position":2,"name":"Produits","item":"https:\/\/oxalia.eu\/produits\/"},{"@type":"ListItem","position":3,"name":"Slim Roller"}]},{"@type":"WebSite","@id":"https:\/\/oxalia.eu\/#website","url":"https:\/\/oxalia.eu\/","name":"Oxalia","description":"Cosm\u00e9tiques professionnels, biologiques, naturels et fabriqu\u00e9s en France","publisher":{"@id":"https:\/\/oxalia.eu\/#organization"},"potentialAction":[{"@type":"SearchAction","target":{"@type":"EntryPoint","urlTemplate":"https:\/\/oxalia.eu\/?s={search_term_string}"},"query-input":{"@type":"PropertyValueSpecification","valueRequired":true,"valueName":"search_term_string"}}],"inLanguage":"es"},{"@type":"Organization","@id":"https:\/\/oxalia.eu\/#organization","name":"Oxalia","url":"https:\/\/oxalia.eu\/","logo":{"@type":"ImageObject","inLanguage":"es","@id":"https:\/\/oxalia.eu\/#\/schema\/logo\/image\/","url":"https:\/\/oxalia.eu\/wp-content\/uploads\/2025\/04\/cropped-logo-oxalia-gris.webp","contentUrl":"https:\/\/oxalia.eu\/wp-content\/uploads\/2025\/04\/cropped-logo-oxalia-gris.webp","width":241,"height":76,"caption":"Oxalia"},"image":{"@id":"https:\/\/oxalia.eu\/#\/schema\/logo\/image\/"},"sameAs":["https:\/\/www.facebook.com\/oxaliaofficiel","https:\/\/www.instagram.com\/oxalia.officiel\/"]}]}},"jetpack_sharing_enabled":true,"_links":{"self":[{"href":"https:\/\/oxalia.eu\/es\/wp-json\/wp\/v2\/product\/5657","targetHints":{"allow":["GET"]}}],"collection":[{"href":"https:\/\/oxalia.eu\/es\/wp-json\/wp\/v2\/product"}],"about":[{"href":"https:\/\/oxalia.eu\/es\/wp-json\/wp\/v2\/types\/product"}],"replies":[{"embeddable":true,"href":"https:\/\/oxalia.eu\/es\/wp-json\/wp\/v2\/comments?post=5657"}],"version-history":[{"count":0,"href":"https:\/\/oxalia.eu\/es\/wp-json\/wp\/v2\/product\/5657\/revisions"}],"wp:featuredmedia":[{"embeddable":true,"href":"https:\/\/oxalia.eu\/es\/wp-json\/wp\/v2\/media\/6263"}],"wp:attachment":[{"href":"https:\/\/oxalia.eu\/es\/wp-json\/wp\/v2\/media?parent=5657"}],"wp:term":[{"taxonomy":"product_brand","embeddable":true,"href":"https:\/\/oxalia.eu\/es\/wp-json\/wp\/v2\/product_brand?post=5657"},{"taxonomy":"product_cat","embeddable":true,"href":"https:\/\/oxalia.eu\/es\/wp-json\/wp\/v2\/product_cat?post=5657"},{"taxonomy":"product_tag","embeddable":true,"href":"https:\/\/oxalia.eu\/es\/wp-json\/wp\/v2\/product_tag?post=5657"}],"curies":[{"name":"wp","href":"https:\/\/api.w.org\/{rel}","templated":true}]}}