{"id":3581,"date":"2025-05-23T10:23:04","date_gmt":"2025-05-23T08:23:04","guid":{"rendered":"https:\/\/oxalia.eu\/politica-de-privacidad\/"},"modified":"2025-07-04T10:21:38","modified_gmt":"2025-07-04T08:21:38","slug":"politica-de-privacidad","status":"publish","type":"page","link":"https:\/\/oxalia.eu\/es\/politica-de-privacidad\/","title":{"rendered":"Pol\u00edtica de privacidad"},"content":{"rendered":"\t\t<div data-elementor-type=\"wp-page\" data-elementor-id=\"3581\" class=\"elementor elementor-3581 elementor-1464\" data-elementor-post-type=\"page\">\n\t\t\t\t<div class=\"elementor-element elementor-element-f212e45 e-flex e-con-boxed e-con e-parent\" data-id=\"f212e45\" data-element_type=\"container\" data-e-type=\"container\">\n\t\t\t\t\t<div class=\"e-con-inner\">\n\t\t\t\t<div class=\"elementor-element elementor-element-9b70ef6 elementor-widget elementor-widget-heading\" data-id=\"9b70ef6\" data-element_type=\"widget\" data-e-type=\"widget\" data-widget_type=\"heading.default\">\n\t\t\t\t<div class=\"elementor-widget-container\">\n\t\t\t\t\t<h2 class=\"elementor-heading-title elementor-size-default\">Pol\u00edtica de privacidad<\/h2>\t\t\t\t<\/div>\n\t\t\t\t<\/div>\n\t\t\t\t\t<\/div>\n\t\t\t\t<\/div>\n\t\t<div class=\"elementor-element elementor-element-e995ec7 e-flex e-con-boxed e-con e-parent\" data-id=\"e995ec7\" data-element_type=\"container\" data-e-type=\"container\">\n\t\t\t\t\t<div class=\"e-con-inner\">\n\t\t\t\t<div class=\"elementor-element elementor-element-7ddd65e elementor-widget elementor-widget-text-editor\" data-id=\"7ddd65e\" data-element_type=\"widget\" data-e-type=\"widget\" data-widget_type=\"text-editor.default\">\n\t\t\t\t<div class=\"elementor-widget-container\">\n\t\t\t\t\t\t\t\t\t<p data-start=\"344\" data-end=\"377\"><strong data-start=\"344\" data-end=\"377\">\u00daltima actualizaci\u00f3n: 23\/05\/2025<\/strong><\/p><p data-start=\"379\" data-end=\"703\">Esta pol\u00edtica de privacidad describe c\u00f3mo <strong data-start=\"454\" data-end=\"464\">Oxalia<\/strong>, con domicilio social en 10 rue de Perpignan &#8211; 34880 Lav\u00e9rune, registrada con el n\u00famero 51349891500034, recoge, utiliza, almacena y protege los datos personales de los usuarios de su sitio web, al que se puede acceder en la siguiente direcci\u00f3n: <a class=\"\" href=\"https:\/\/www.oxalia.eu\" rel=\"noopener\">www.oxalia.eu.<\/a><\/p><h2 data-start=\"705\" data-end=\"736\">1. Controlador de datos<\/h2><p data-start=\"738\" data-end=\"872\">El responsable del tratamiento de los datos personales es:<br><strong data-start=\"798\" data-end=\"808\">Oxalia<\/strong><br>Correo electr\u00f3nico: <a class=\"cursor-pointer\" href=\"mailto:contact@oxalia.eu\" rel=\"noopener\">contact@oxalia.eu<\/a><br data-start=\"836\" data-end=\"839\">Tel\u00e9fono: +33(0)9 54 07 97 99<\/p><h2 data-start=\"874\" data-end=\"898\">2. Datos recogidos<\/h2><p data-start=\"900\" data-end=\"992\">Recogemos los datos personales que nos proporcionas directamente cuando :<\/p><ul data-start=\"993\" data-end=\"1163\"><li data-start=\"993\" data-end=\"1051\"><p data-start=\"995\" data-end=\"1051\">Navegar por nuestro sitio (datos de navegaci\u00f3n, cookies)<\/p><\/li><li data-start=\"1052\" data-end=\"1089\"><p data-start=\"1054\" data-end=\"1089\">Rellena un formulario de contacto<\/p><\/li><li data-start=\"1126\" data-end=\"1163\"><p data-start=\"1128\" data-end=\"1163\">Hacer un pedido (Para profesionales)<\/p><\/li><\/ul><p data-start=\"1165\" data-end=\"1205\">Los datos recogidos pueden incluir:<\/p><ul data-start=\"1206\" data-end=\"1349\"><li data-start=\"1206\" data-end=\"1221\"><p data-start=\"1208\" data-end=\"1221\">Nombre y apellidos<\/p><\/li><li data-start=\"1222\" data-end=\"1238\"><p data-start=\"1224\" data-end=\"1238\">Direcci\u00f3n de correo electr\u00f3nico<\/p><\/li><li data-start=\"1239\" data-end=\"1260\"><p data-start=\"1241\" data-end=\"1260\">N\u00famero de tel\u00e9fono<\/p><\/li><li data-start=\"1261\" data-end=\"1278\"><p data-start=\"1263\" data-end=\"1278\">Direcci\u00f3n postal<\/p><\/li><li data-start=\"1279\" data-end=\"1349\"><p data-start=\"1281\" data-end=\"1349\">Datos de navegaci\u00f3n (direcci\u00f3n IP, navegador, p\u00e1ginas visitadas, etc.)<\/p><\/li><\/ul><h2 data-start=\"1351\" data-end=\"1380\">3. Fines del tratamiento<\/h2><p data-start=\"1382\" data-end=\"1426\">Los datos recogidos se utilizan para :<\/p><ul data-start=\"1427\" data-end=\"1717\"><li data-start=\"1427\" data-end=\"1483\"><p data-start=\"1429\" data-end=\"1483\">Responder a tus solicitudes a trav\u00e9s de los formularios de contacto<\/p><\/li><li data-start=\"1484\" data-end=\"1573\"><p data-start=\"1486\" data-end=\"1573\">Enviarte informaci\u00f3n comercial o boletines informativos (con tu consentimiento)<\/p><\/li><li data-start=\"1574\" data-end=\"1625\"><p data-start=\"1576\" data-end=\"1625\">Gestiona tus pedidos y entregas (Para profesionales)<\/p><\/li><li data-start=\"1626\" data-end=\"1676\"><p data-start=\"1628\" data-end=\"1676\">Mejorar nuestro sitio y la experiencia del usuario<\/p><\/li><li data-start=\"1677\" data-end=\"1717\"><p data-start=\"1679\" data-end=\"1717\">Cumplir con nuestras obligaciones legales<\/p><\/li><\/ul><h2 data-start=\"1719\" data-end=\"1746\">4. Vida \u00fatil<\/h2><p data-start=\"1748\" data-end=\"1790\">Tus datos personales se almacenan :<\/p><ul data-start=\"1791\" data-end=\"2063\"><li data-start=\"1791\" data-end=\"1884\"><p data-start=\"1793\" data-end=\"1884\">Durante un m\u00e1ximo de <strong data-start=\"1820\" data-end=\"1829\">3 a\u00f1os<\/strong> desde el \u00faltimo contacto si no eres cliente<\/p><\/li><li data-start=\"1885\" data-end=\"1995\"><p data-start=\"1887\" data-end=\"1995\">Durante un m\u00e1ximo de <strong data-start=\"1914\" data-end=\"1924\">10 a\u00f1os<\/strong> si has realizado un pedido, de acuerdo con nuestras obligaciones contables.<\/p><\/li><li data-start=\"1996\" data-end=\"2063\"><p data-start=\"1998\" data-end=\"2063\">Las cookies se conservan un m\u00e1ximo de <strong data-start=\"2052\" data-end=\"2063\">13 meses<\/strong>.<\/p><\/li><\/ul><h2 data-start=\"2065\" data-end=\"2090\">5. Compartir datos<\/h2><p data-start=\"2092\" data-end=\"2190\">Oxalia no vende ni alquila tus datos personales. S\u00f3lo pueden ser compartidos con : <\/p><ul data-start=\"2191\" data-end=\"2353\"><li data-start=\"2191\" data-end=\"2275\"><p data-start=\"2193\" data-end=\"2275\">Proveedores de servicios t\u00e9cnicos (alojamiento, mantenimiento, correo electr\u00f3nico)<\/p><\/li><li data-start=\"2276\" data-end=\"2353\"><p data-start=\"2278\" data-end=\"2353\">Socios o subcontratistas en la prestaci\u00f3n de servicios<\/p><\/li><\/ul><p data-start=\"2355\" data-end=\"2438\">Todos los destinatarios de los datos est\u00e1n sujetos a una obligaci\u00f3n de confidencialidad.<\/p><h2 data-start=\"2440\" data-end=\"2454\">6. Seguridad<\/h2><p data-start=\"2456\" data-end=\"2646\">Oxalia aplica medidas t\u00e9cnicas y organizativas apropiadas para garantizar la seguridad de tus datos personales y evitar cualquier p\u00e9rdida, uso indebido o acceso no autorizado.<\/p><h2 data-start=\"2648\" data-end=\"2664\">7. Tus derechos<\/h2><p data-start=\"2666\" data-end=\"2743\">De acuerdo con la legislaci\u00f3n vigente, tienes los siguientes derechos:<\/p><ul data-start=\"2744\" data-end=\"2903\"><li data-start=\"2744\" data-end=\"2773\"><p data-start=\"2746\" data-end=\"2773\">Derecho de acceso a tus datos<\/p><\/li><li data-start=\"2774\" data-end=\"2798\"><p data-start=\"2776\" data-end=\"2798\">Derecho de rectificaci\u00f3n<\/p><\/li><li data-start=\"2799\" data-end=\"2819\"><p data-start=\"2801\" data-end=\"2819\">Derecho de supresi\u00f3n<\/p><\/li><li data-start=\"2820\" data-end=\"2857\"><p data-start=\"2822\" data-end=\"2857\">Derecho a restringir el tratamiento<\/p><\/li><li data-start=\"2858\" data-end=\"2878\"><p data-start=\"2860\" data-end=\"2878\">Derecho de oposici\u00f3n<\/p><\/li><li data-start=\"2879\" data-end=\"2903\"><p data-start=\"2881\" data-end=\"2903\">Derecho a la portabilidad<\/p><\/li><\/ul><p data-start=\"2905\" data-end=\"2994\">Para ejercer tus derechos, ponte en contacto con nosotros en : <strong data-start=\"2971\" data-end=\"2994\"><a class=\"cursor-pointer\" href=\"mailto:contact@oxalia.eu\" rel=\"noopener\">contact@oxalia.eu<\/a><\/strong><\/p><p data-start=\"2996\" data-end=\"3088\">Tambi\u00e9n tienes derecho a presentar una reclamaci\u00f3n ante la <strong data-start=\"3065\" data-end=\"3073\">CNIL<\/strong><a class=\"\" href=\"http:\/\/www.cnil.fr\" target=\"_new\" rel=\"noopener\" data-start=\"3075\" data-end=\"3086\">(www.cnil.fr).<\/a><\/p><h2 data-start=\"3090\" data-end=\"3103\">8. Cookies<\/h2><p data-start=\"3105\" data-end=\"3306\">Nuestro sitio utiliza cookies para mejorar tu experiencia. Puedes aceptar o rechazar las cookies en tu primera visita. Para obtener m\u00e1s informaci\u00f3n, consulta nuestra <a href=\"https:\/\/oxalia.eu\/es\/?page_id=3579\"><strong data-start=\"3281\" data-end=\"3305\">Pol\u00edtica de cookies<\/strong><\/a>.  <\/p><h2 data-start=\"3308\" data-end=\"3342\">9. Cambios en la pol\u00edtica<\/h2><p data-start=\"3344\" data-end=\"3521\">Oxalia se reserva el derecho a modificar esta pol\u00edtica de privacidad en cualquier momento. La versi\u00f3n vigente es la publicada en el sitio en el momento de tu navegaci\u00f3n. <\/p>\t\t\t\t\t\t\t\t<\/div>\n\t\t\t\t<\/div>\n\t\t\t\t\t<\/div>\n\t\t\t\t<\/div>\n\t\t\t\t<\/div>\n\t\t","protected":false},"excerpt":{"rendered":"<p>Pol\u00edtica de privacidad \u00daltima actualizaci\u00f3n: 23\/05\/2025 Esta pol\u00edtica de privacidad describe c\u00f3mo Oxalia, con domicilio social en 10 rue de Perpignan &#8211; 34880 Lav\u00e9rune, registrada con el n\u00famero 51349891500034, recoge, utiliza, almacena y protege los datos personales de los usuarios de su sitio web, al que se puede acceder en la siguiente direcci\u00f3n: www.oxalia.eu. 1. [&hellip;]<\/p>\n","protected":false},"author":1,"featured_media":0,"parent":0,"menu_order":0,"comment_status":"closed","ping_status":"closed","template":"elementor_header_footer","meta":{"_acf_changed":false,"ocean_post_layout":"","ocean_both_sidebars_style":"","ocean_both_sidebars_content_width":0,"ocean_both_sidebars_sidebars_width":0,"ocean_sidebar":"","ocean_second_sidebar":"","ocean_disable_margins":"enable","ocean_add_body_class":"","ocean_shortcode_before_top_bar":"","ocean_shortcode_after_top_bar":"","ocean_shortcode_before_header":"","ocean_shortcode_after_header":"","ocean_has_shortcode":"","ocean_shortcode_after_title":"","ocean_shortcode_before_footer_widgets":"","ocean_shortcode_after_footer_widgets":"","ocean_shortcode_before_footer_bottom":"","ocean_shortcode_after_footer_bottom":"","ocean_display_top_bar":"default","ocean_display_header":"default","ocean_header_style":"","ocean_center_header_left_menu":"","ocean_custom_header_template":"","ocean_custom_logo":0,"ocean_custom_retina_logo":0,"ocean_custom_logo_max_width":0,"ocean_custom_logo_tablet_max_width":0,"ocean_custom_logo_mobile_max_width":0,"ocean_custom_logo_max_height":0,"ocean_custom_logo_tablet_max_height":0,"ocean_custom_logo_mobile_max_height":0,"ocean_header_custom_menu":"","ocean_menu_typo_font_family":"","ocean_menu_typo_font_subset":"","ocean_menu_typo_font_size":0,"ocean_menu_typo_font_size_tablet":0,"ocean_menu_typo_font_size_mobile":0,"ocean_menu_typo_font_size_unit":"px","ocean_menu_typo_font_weight":"","ocean_menu_typo_font_weight_tablet":"","ocean_menu_typo_font_weight_mobile":"","ocean_menu_typo_transform":"","ocean_menu_typo_transform_tablet":"","ocean_menu_typo_transform_mobile":"","ocean_menu_typo_line_height":0,"ocean_menu_typo_line_height_tablet":0,"ocean_menu_typo_line_height_mobile":0,"ocean_menu_typo_line_height_unit":"","ocean_menu_typo_spacing":0,"ocean_menu_typo_spacing_tablet":0,"ocean_menu_typo_spacing_mobile":0,"ocean_menu_typo_spacing_unit":"","ocean_menu_link_color":"","ocean_menu_link_color_hover":"","ocean_menu_link_color_active":"","ocean_menu_link_background":"","ocean_menu_link_hover_background":"","ocean_menu_link_active_background":"","ocean_menu_social_links_bg":"","ocean_menu_social_hover_links_bg":"","ocean_menu_social_links_color":"","ocean_menu_social_hover_links_color":"","ocean_disable_title":"default","ocean_disable_heading":"default","ocean_post_title":"","ocean_post_subheading":"","ocean_post_title_style":"","ocean_post_title_background_color":"","ocean_post_title_background":0,"ocean_post_title_bg_image_position":"","ocean_post_title_bg_image_attachment":"","ocean_post_title_bg_image_repeat":"","ocean_post_title_bg_image_size":"","ocean_post_title_height":0,"ocean_post_title_bg_overlay":0.5,"ocean_post_title_bg_overlay_color":"","ocean_disable_breadcrumbs":"default","ocean_breadcrumbs_color":"","ocean_breadcrumbs_separator_color":"","ocean_breadcrumbs_links_color":"","ocean_breadcrumbs_links_hover_color":"","ocean_display_footer_widgets":"default","ocean_display_footer_bottom":"default","ocean_custom_footer_template":"","footnotes":""},"class_list":["post-3581","page","type-page","status-publish","hentry","entry","owp-thumbs-layout-horizontal","owp-btn-normal","owp-tabs-layout-horizontal","has-no-thumbnails","has-product-nav"],"acf":[],"yoast_head":"<!-- This site is optimized with the Yoast SEO plugin v27.3 - https:\/\/yoast.com\/product\/yoast-seo-wordpress\/ -->\n<title>Pol\u00edtica de privacidad | Oxalia<\/title>\n<meta name=\"robots\" content=\"index, follow, max-snippet:-1, max-image-preview:large, max-video-preview:-1\" \/>\n<link rel=\"canonical\" href=\"https:\/\/oxalia.eu\/es\/?page_id=3581\" \/>\n<meta property=\"og:locale\" content=\"es_ES\" \/>\n<meta property=\"og:type\" content=\"article\" \/>\n<meta property=\"og:title\" content=\"Pol\u00edtica de privacidad | Oxalia\" \/>\n<meta property=\"og:description\" content=\"Pol\u00edtica de privacidad \u00daltima actualizaci\u00f3n: 23\/05\/2025 Esta pol\u00edtica de privacidad describe c\u00f3mo Oxalia, con domicilio social en 10 rue de Perpignan &#8211; 34880 Lav\u00e9rune, registrada con el n\u00famero 51349891500034, recoge, utiliza, almacena y protege los datos personales de los usuarios de su sitio web, al que se puede acceder en la siguiente direcci\u00f3n: www.oxalia.eu. 1. [&hellip;]\" \/>\n<meta property=\"og:url\" content=\"https:\/\/oxalia.eu\/es\/?page_id=3581\" \/>\n<meta property=\"og:site_name\" content=\"Oxalia\" \/>\n<meta property=\"article:publisher\" content=\"https:\/\/www.facebook.com\/oxaliaofficiel\" \/>\n<meta property=\"article:modified_time\" content=\"2025-07-04T08:21:38+00:00\" \/>\n<meta name=\"twitter:card\" content=\"summary_large_image\" \/>\n<meta name=\"twitter:label1\" content=\"Tiempo de lectura\" \/>\n\t<meta name=\"twitter:data1\" content=\"2 minuto\" \/>\n<script type=\"application\/ld+json\" class=\"yoast-schema-graph\">{\"@context\":\"https:\\\/\\\/schema.org\",\"@graph\":[{\"@type\":\"WebPage\",\"@id\":\"https:\\\/\\\/oxalia.eu\\\/es\\\/?page_id=3581\",\"url\":\"https:\\\/\\\/oxalia.eu\\\/es\\\/?page_id=3581\",\"name\":\"Pol\u00edtica de privacidad | Oxalia\",\"isPartOf\":{\"@id\":\"https:\\\/\\\/oxalia.eu\\\/#website\"},\"datePublished\":\"2025-05-23T08:23:04+00:00\",\"dateModified\":\"2025-07-04T08:21:38+00:00\",\"breadcrumb\":{\"@id\":\"https:\\\/\\\/oxalia.eu\\\/es\\\/?page_id=3581#breadcrumb\"},\"inLanguage\":\"es\",\"potentialAction\":[{\"@type\":\"ReadAction\",\"target\":[\"https:\\\/\\\/oxalia.eu\\\/es\\\/?page_id=3581\"]}]},{\"@type\":\"BreadcrumbList\",\"@id\":\"https:\\\/\\\/oxalia.eu\\\/es\\\/?page_id=3581#breadcrumb\",\"itemListElement\":[{\"@type\":\"ListItem\",\"position\":1,\"name\":\"Accueil\",\"item\":\"https:\\\/\\\/oxalia.eu\\\/es\\\/\"},{\"@type\":\"ListItem\",\"position\":2,\"name\":\"Pol\u00edtica de privacidad\"}]},{\"@type\":\"WebSite\",\"@id\":\"https:\\\/\\\/oxalia.eu\\\/#website\",\"url\":\"https:\\\/\\\/oxalia.eu\\\/\",\"name\":\"Oxalia\",\"description\":\"Cosm\u00e9tiques professionnels, biologiques, naturels et fabriqu\u00e9s en France\",\"publisher\":{\"@id\":\"https:\\\/\\\/oxalia.eu\\\/#organization\"},\"potentialAction\":[{\"@type\":\"SearchAction\",\"target\":{\"@type\":\"EntryPoint\",\"urlTemplate\":\"https:\\\/\\\/oxalia.eu\\\/?s={search_term_string}\"},\"query-input\":{\"@type\":\"PropertyValueSpecification\",\"valueRequired\":true,\"valueName\":\"search_term_string\"}}],\"inLanguage\":\"es\"},{\"@type\":\"Organization\",\"@id\":\"https:\\\/\\\/oxalia.eu\\\/#organization\",\"name\":\"Oxalia\",\"url\":\"https:\\\/\\\/oxalia.eu\\\/\",\"logo\":{\"@type\":\"ImageObject\",\"inLanguage\":\"es\",\"@id\":\"https:\\\/\\\/oxalia.eu\\\/#\\\/schema\\\/logo\\\/image\\\/\",\"url\":\"https:\\\/\\\/oxalia.eu\\\/wp-content\\\/uploads\\\/2025\\\/04\\\/cropped-logo-oxalia-gris.webp\",\"contentUrl\":\"https:\\\/\\\/oxalia.eu\\\/wp-content\\\/uploads\\\/2025\\\/04\\\/cropped-logo-oxalia-gris.webp\",\"width\":241,\"height\":76,\"caption\":\"Oxalia\"},\"image\":{\"@id\":\"https:\\\/\\\/oxalia.eu\\\/#\\\/schema\\\/logo\\\/image\\\/\"},\"sameAs\":[\"https:\\\/\\\/www.facebook.com\\\/oxaliaofficiel\",\"https:\\\/\\\/www.instagram.com\\\/oxalia.officiel\\\/\"]}]}<\/script>\n<!-- \/ Yoast SEO plugin. -->","yoast_head_json":{"title":"Pol\u00edtica de privacidad | Oxalia","robots":{"index":"index","follow":"follow","max-snippet":"max-snippet:-1","max-image-preview":"max-image-preview:large","max-video-preview":"max-video-preview:-1"},"canonical":"https:\/\/oxalia.eu\/es\/?page_id=3581","og_locale":"es_ES","og_type":"article","og_title":"Pol\u00edtica de privacidad | Oxalia","og_description":"Pol\u00edtica de privacidad \u00daltima actualizaci\u00f3n: 23\/05\/2025 Esta pol\u00edtica de privacidad describe c\u00f3mo Oxalia, con domicilio social en 10 rue de Perpignan &#8211; 34880 Lav\u00e9rune, registrada con el n\u00famero 51349891500034, recoge, utiliza, almacena y protege los datos personales de los usuarios de su sitio web, al que se puede acceder en la siguiente direcci\u00f3n: www.oxalia.eu. 1. [&hellip;]","og_url":"https:\/\/oxalia.eu\/es\/?page_id=3581","og_site_name":"Oxalia","article_publisher":"https:\/\/www.facebook.com\/oxaliaofficiel","article_modified_time":"2025-07-04T08:21:38+00:00","twitter_card":"summary_large_image","twitter_misc":{"Tiempo de lectura":"2 minuto"},"schema":{"@context":"https:\/\/schema.org","@graph":[{"@type":"WebPage","@id":"https:\/\/oxalia.eu\/es\/?page_id=3581","url":"https:\/\/oxalia.eu\/es\/?page_id=3581","name":"Pol\u00edtica de privacidad | Oxalia","isPartOf":{"@id":"https:\/\/oxalia.eu\/#website"},"datePublished":"2025-05-23T08:23:04+00:00","dateModified":"2025-07-04T08:21:38+00:00","breadcrumb":{"@id":"https:\/\/oxalia.eu\/es\/?page_id=3581#breadcrumb"},"inLanguage":"es","potentialAction":[{"@type":"ReadAction","target":["https:\/\/oxalia.eu\/es\/?page_id=3581"]}]},{"@type":"BreadcrumbList","@id":"https:\/\/oxalia.eu\/es\/?page_id=3581#breadcrumb","itemListElement":[{"@type":"ListItem","position":1,"name":"Accueil","item":"https:\/\/oxalia.eu\/es\/"},{"@type":"ListItem","position":2,"name":"Pol\u00edtica de privacidad"}]},{"@type":"WebSite","@id":"https:\/\/oxalia.eu\/#website","url":"https:\/\/oxalia.eu\/","name":"Oxalia","description":"Cosm\u00e9tiques professionnels, biologiques, naturels et fabriqu\u00e9s en France","publisher":{"@id":"https:\/\/oxalia.eu\/#organization"},"potentialAction":[{"@type":"SearchAction","target":{"@type":"EntryPoint","urlTemplate":"https:\/\/oxalia.eu\/?s={search_term_string}"},"query-input":{"@type":"PropertyValueSpecification","valueRequired":true,"valueName":"search_term_string"}}],"inLanguage":"es"},{"@type":"Organization","@id":"https:\/\/oxalia.eu\/#organization","name":"Oxalia","url":"https:\/\/oxalia.eu\/","logo":{"@type":"ImageObject","inLanguage":"es","@id":"https:\/\/oxalia.eu\/#\/schema\/logo\/image\/","url":"https:\/\/oxalia.eu\/wp-content\/uploads\/2025\/04\/cropped-logo-oxalia-gris.webp","contentUrl":"https:\/\/oxalia.eu\/wp-content\/uploads\/2025\/04\/cropped-logo-oxalia-gris.webp","width":241,"height":76,"caption":"Oxalia"},"image":{"@id":"https:\/\/oxalia.eu\/#\/schema\/logo\/image\/"},"sameAs":["https:\/\/www.facebook.com\/oxaliaofficiel","https:\/\/www.instagram.com\/oxalia.officiel\/"]}]}},"jetpack_sharing_enabled":true,"_links":{"self":[{"href":"https:\/\/oxalia.eu\/es\/wp-json\/wp\/v2\/pages\/3581","targetHints":{"allow":["GET"]}}],"collection":[{"href":"https:\/\/oxalia.eu\/es\/wp-json\/wp\/v2\/pages"}],"about":[{"href":"https:\/\/oxalia.eu\/es\/wp-json\/wp\/v2\/types\/page"}],"author":[{"embeddable":true,"href":"https:\/\/oxalia.eu\/es\/wp-json\/wp\/v2\/users\/1"}],"replies":[{"embeddable":true,"href":"https:\/\/oxalia.eu\/es\/wp-json\/wp\/v2\/comments?post=3581"}],"version-history":[{"count":0,"href":"https:\/\/oxalia.eu\/es\/wp-json\/wp\/v2\/pages\/3581\/revisions"}],"wp:attachment":[{"href":"https:\/\/oxalia.eu\/es\/wp-json\/wp\/v2\/media?parent=3581"}],"curies":[{"name":"wp","href":"https:\/\/api.w.org\/{rel}","templated":true}]}}