{"id":3579,"date":"2025-05-23T10:39:16","date_gmt":"2025-05-23T08:39:16","guid":{"rendered":"https:\/\/oxalia.eu\/politica-de-cookies\/"},"modified":"2025-07-04T10:21:38","modified_gmt":"2025-07-04T08:21:38","slug":"politica-de-cookies","status":"publish","type":"page","link":"https:\/\/oxalia.eu\/es\/politica-de-cookies\/","title":{"rendered":"Pol\u00edtica de cookies"},"content":{"rendered":"\t\t<div data-elementor-type=\"wp-page\" data-elementor-id=\"3579\" class=\"elementor elementor-3579 elementor-1470\" data-elementor-post-type=\"page\">\n\t\t\t\t<div class=\"elementor-element elementor-element-00a22c3 e-flex e-con-boxed e-con e-parent\" data-id=\"00a22c3\" data-element_type=\"container\" data-e-type=\"container\">\n\t\t\t\t\t<div class=\"e-con-inner\">\n\t\t\t\t<div class=\"elementor-element elementor-element-c89b444 elementor-widget elementor-widget-heading\" data-id=\"c89b444\" data-element_type=\"widget\" data-e-type=\"widget\" data-widget_type=\"heading.default\">\n\t\t\t\t<div class=\"elementor-widget-container\">\n\t\t\t\t\t<h2 class=\"elementor-heading-title elementor-size-default\">Pol\u00edtica de cookies<\/h2>\t\t\t\t<\/div>\n\t\t\t\t<\/div>\n\t\t\t\t\t<\/div>\n\t\t\t\t<\/div>\n\t\t<div class=\"elementor-element elementor-element-1938ff3 e-flex e-con-boxed e-con e-parent\" data-id=\"1938ff3\" data-element_type=\"container\" data-e-type=\"container\">\n\t\t\t\t\t<div class=\"e-con-inner\">\n\t\t\t\t<div class=\"elementor-element elementor-element-0b24e2e elementor-widget elementor-widget-text-editor\" data-id=\"0b24e2e\" data-element_type=\"widget\" data-e-type=\"widget\" data-widget_type=\"text-editor.default\">\n\t\t\t\t<div class=\"elementor-widget-container\">\n\t\t\t\t\t\t\t\t\t<p data-start=\"136\" data-end=\"169\"><strong data-start=\"136\" data-end=\"169\">\u00daltima actualizaci\u00f3n: 23\/05\/2025<\/strong><\/p><p data-start=\"171\" data-end=\"345\">El sitio web <strong data-start=\"191\" data-end=\"201\">Oxalia<\/strong> utiliza cookies para mejorar tu experiencia de navegaci\u00f3n, medir la audiencia y ofrecer servicios adaptados a tus intereses.<\/p><h2 data-start=\"347\" data-end=\"377\">1. \u00bfQu\u00e9 es una galleta?<\/h2><p data-start=\"379\" data-end=\"651\">Una cookie es un peque\u00f1o archivo de texto que se coloca en tu terminal (ordenador, smartphone, tableta) cuando visitas un sitio web. Permite al sitio web reconocer tu dispositivo y almacenar cierta informaci\u00f3n sobre tus preferencias o acciones anteriores. <\/p><h2 data-start=\"653\" data-end=\"698\">2. \u00bfQu\u00e9 tipos de cookies utilizamos?<\/h2><p data-start=\"700\" data-end=\"746\">Utilizamos los siguientes tipos de cookies:<\/p><h3 data-start=\"748\" data-end=\"786\">a) Cookies estrictamente necesarias<\/h3><p data-start=\"787\" data-end=\"1036\">Estas cookies son esenciales para que el sitio funcione correctamente y no pueden desactivarse en nuestros sistemas. Generalmente se establecen en respuesta a acciones que has realizado, como iniciar sesi\u00f3n o rellenar un formulario. <\/p><h3 data-start=\"1038\" data-end=\"1088\">b) Cookies de medici\u00f3n de audiencia (estad\u00edsticas)<\/h3><p data-start=\"1089\" data-end=\"1367\">Estas cookies nos permiten controlar el uso y el rendimiento del sitio y mejorar su funcionamiento (por ejemplo, las p\u00e1ginas m\u00e1s visitadas, las b\u00fasquedas m\u00e1s frecuentes). Para ello, utilizamos herramientas como <strong data-start=\"1319\" data-end=\"1339\">Google Analytics<\/strong> (u otras, dependiendo de tu situaci\u00f3n). <\/p><h3 data-start=\"1369\" data-end=\"1403\">c) Cookies de personalizaci\u00f3n<\/h3><p data-start=\"1404\" data-end=\"1514\">Se utilizan para recordar tus preferencias (idioma, regi\u00f3n) con el fin de adaptar la interfaz del sitio a tu uso.<\/p><h3 data-start=\"1516\" data-end=\"1562\">d) Cookies de marketing (publicidad dirigida)<\/h3><p data-start=\"1563\" data-end=\"1755\">Estas cookies pueden ser colocadas en nuestro sitio por socios publicitarios para establecer un perfil de tus centros de inter\u00e9s y ofrecerte publicidad relevante en otros sitios.<\/p><h2 data-start=\"1757\" data-end=\"1775\">3. Consentimiento<\/h2><p data-start=\"1777\" data-end=\"1995\">En tu primera visita a nuestro sitio, un banner te informar\u00e1 de que se est\u00e1n utilizando cookies y te ofrecer\u00e1 la opci\u00f3n de aceptarlas, rechazarlas o configurarlas. Este consentimiento es v\u00e1lido durante un m\u00e1ximo de <strong data-start=\"1975\" data-end=\"1986\">13 meses<\/strong>. <\/p><p data-start=\"1997\" data-end=\"2122\"><span style=\"color: #333333; font-size: 20px; font-weight: 600;\">4. Gesti\u00f3n de cookies<\/span><\/p><p data-start=\"2151\" data-end=\"2245\">Puedes configurar tu navegador para que rechace o elimine algunas o todas las cookies:<\/p><ul data-start=\"2247\" data-end=\"2713\"><li data-start=\"2247\" data-end=\"2358\"><p data-start=\"2249\" data-end=\"2358\"><strong data-start=\"2249\" data-end=\"2259\">Cromo:<\/strong> https: <a class=\"cursor-pointer\" target=\"_new\" rel=\"noopener\" data-start=\"2262\" data-end=\"2358\">\/\/support.google.com\/chrome\/answer\/95647<\/a><\/p><\/li><li data-start=\"2359\" data-end=\"2499\"><p data-start=\"2361\" data-end=\"2499\"><strong data-start=\"2361\" data-end=\"2372\">Firefox<\/strong>: <a class=\"\" href=\"https:\/\/support.mozilla.org\/fr\/kb\/activer-desactiver-cookies\" target=\"_new\" rel=\"noopener\" data-start=\"2375\" data-end=\"2499\">https:\/\/support.mozilla.org\/fr\/kb\/activer-desactiver-cookies<\/a><\/p><\/li><li data-start=\"2500\" data-end=\"2599\"><p data-start=\"2502\" data-end=\"2599\"><strong data-start=\"2502\" data-end=\"2512\">Safari:<\/strong> https: <a class=\"\" href=\"https:\/\/support.apple.com\/fr-fr\/HT201265\" target=\"_new\" rel=\"noopener\" data-start=\"2515\" data-end=\"2599\">\/\/support.apple.com\/fr-fr\/HT201265<\/a><\/p><\/li><li data-start=\"2600\" data-end=\"2713\"><p data-start=\"2602\" data-end=\"2713\"><strong data-start=\"2602\" data-end=\"2610\">Edge:<\/strong> https: <a class=\"\" href=\"https:\/\/support.microsoft.com\/fr-fr\/help\/4027947\" target=\"_new\" rel=\"noopener\" data-start=\"2613\" data-end=\"2713\">\/\/support.microsoft.com\/fr-fr\/help\/4027947<\/a><\/p><\/li><\/ul><p data-start=\"2715\" data-end=\"2843\">Atenci\u00f3n: rechazar ciertas cookies puede perjudicar la experiencia del usuario o impedir el acceso a determinadas funciones.<\/p><h2 data-start=\"2845\" data-end=\"2858\">5. Contacta con<\/h2><p data-start=\"2860\" data-end=\"2981\">Si tienes alguna duda sobre nuestra pol\u00edtica de cookies, puedes ponerte en contacto con nosotros en <strong data-start=\"2960\" data-end=\"2981\"><a class=\"cursor-pointer\" rel=\"noopener\" data-start=\"2962\" data-end=\"2979\">contact@oxalia.eu<\/a><\/strong><\/p>\t\t\t\t\t\t\t\t<\/div>\n\t\t\t\t<\/div>\n\t\t\t\t\t<\/div>\n\t\t\t\t<\/div>\n\t\t\t\t<\/div>\n\t\t","protected":false},"excerpt":{"rendered":"<p>Pol\u00edtica de cookies \u00daltima actualizaci\u00f3n: 23\/05\/2025 El sitio web Oxalia utiliza cookies para mejorar tu experiencia de navegaci\u00f3n, medir la audiencia y ofrecer servicios adaptados a tus intereses. 1. \u00bfQu\u00e9 es una galleta? Una cookie es un peque\u00f1o archivo de texto que se coloca en tu terminal (ordenador, smartphone, tableta) cuando visitas un sitio web. [&hellip;]<\/p>\n","protected":false},"author":1,"featured_media":0,"parent":0,"menu_order":0,"comment_status":"closed","ping_status":"closed","template":"elementor_header_footer","meta":{"_acf_changed":false,"ocean_post_layout":"","ocean_both_sidebars_style":"","ocean_both_sidebars_content_width":0,"ocean_both_sidebars_sidebars_width":0,"ocean_sidebar":"","ocean_second_sidebar":"","ocean_disable_margins":"enable","ocean_add_body_class":"","ocean_shortcode_before_top_bar":"","ocean_shortcode_after_top_bar":"","ocean_shortcode_before_header":"","ocean_shortcode_after_header":"","ocean_has_shortcode":"","ocean_shortcode_after_title":"","ocean_shortcode_before_footer_widgets":"","ocean_shortcode_after_footer_widgets":"","ocean_shortcode_before_footer_bottom":"","ocean_shortcode_after_footer_bottom":"","ocean_display_top_bar":"default","ocean_display_header":"default","ocean_header_style":"","ocean_center_header_left_menu":"","ocean_custom_header_template":"","ocean_custom_logo":0,"ocean_custom_retina_logo":0,"ocean_custom_logo_max_width":0,"ocean_custom_logo_tablet_max_width":0,"ocean_custom_logo_mobile_max_width":0,"ocean_custom_logo_max_height":0,"ocean_custom_logo_tablet_max_height":0,"ocean_custom_logo_mobile_max_height":0,"ocean_header_custom_menu":"","ocean_menu_typo_font_family":"","ocean_menu_typo_font_subset":"","ocean_menu_typo_font_size":0,"ocean_menu_typo_font_size_tablet":0,"ocean_menu_typo_font_size_mobile":0,"ocean_menu_typo_font_size_unit":"px","ocean_menu_typo_font_weight":"","ocean_menu_typo_font_weight_tablet":"","ocean_menu_typo_font_weight_mobile":"","ocean_menu_typo_transform":"","ocean_menu_typo_transform_tablet":"","ocean_menu_typo_transform_mobile":"","ocean_menu_typo_line_height":0,"ocean_menu_typo_line_height_tablet":0,"ocean_menu_typo_line_height_mobile":0,"ocean_menu_typo_line_height_unit":"","ocean_menu_typo_spacing":0,"ocean_menu_typo_spacing_tablet":0,"ocean_menu_typo_spacing_mobile":0,"ocean_menu_typo_spacing_unit":"","ocean_menu_link_color":"","ocean_menu_link_color_hover":"","ocean_menu_link_color_active":"","ocean_menu_link_background":"","ocean_menu_link_hover_background":"","ocean_menu_link_active_background":"","ocean_menu_social_links_bg":"","ocean_menu_social_hover_links_bg":"","ocean_menu_social_links_color":"","ocean_menu_social_hover_links_color":"","ocean_disable_title":"default","ocean_disable_heading":"default","ocean_post_title":"","ocean_post_subheading":"","ocean_post_title_style":"","ocean_post_title_background_color":"","ocean_post_title_background":0,"ocean_post_title_bg_image_position":"","ocean_post_title_bg_image_attachment":"","ocean_post_title_bg_image_repeat":"","ocean_post_title_bg_image_size":"","ocean_post_title_height":0,"ocean_post_title_bg_overlay":0.5,"ocean_post_title_bg_overlay_color":"","ocean_disable_breadcrumbs":"default","ocean_breadcrumbs_color":"","ocean_breadcrumbs_separator_color":"","ocean_breadcrumbs_links_color":"","ocean_breadcrumbs_links_hover_color":"","ocean_display_footer_widgets":"default","ocean_display_footer_bottom":"default","ocean_custom_footer_template":"","footnotes":""},"class_list":["post-3579","page","type-page","status-publish","hentry","entry","owp-thumbs-layout-horizontal","owp-btn-normal","owp-tabs-layout-horizontal","has-no-thumbnails","has-product-nav"],"acf":[],"yoast_head":"<!-- This site is optimized with the Yoast SEO plugin v27.3 - https:\/\/yoast.com\/product\/yoast-seo-wordpress\/ -->\n<title>Pol\u00edtica de cookies | Oxalia<\/title>\n<meta name=\"robots\" content=\"index, follow, max-snippet:-1, max-image-preview:large, max-video-preview:-1\" \/>\n<link rel=\"canonical\" href=\"https:\/\/oxalia.eu\/es\/?page_id=3579\" \/>\n<meta property=\"og:locale\" content=\"es_ES\" \/>\n<meta property=\"og:type\" content=\"article\" \/>\n<meta property=\"og:title\" content=\"Pol\u00edtica de cookies | Oxalia\" \/>\n<meta property=\"og:description\" content=\"Pol\u00edtica de cookies \u00daltima actualizaci\u00f3n: 23\/05\/2025 El sitio web Oxalia utiliza cookies para mejorar tu experiencia de navegaci\u00f3n, medir la audiencia y ofrecer servicios adaptados a tus intereses. 1. \u00bfQu\u00e9 es una galleta? Una cookie es un peque\u00f1o archivo de texto que se coloca en tu terminal (ordenador, smartphone, tableta) cuando visitas un sitio web. [&hellip;]\" \/>\n<meta property=\"og:url\" content=\"https:\/\/oxalia.eu\/es\/?page_id=3579\" \/>\n<meta property=\"og:site_name\" content=\"Oxalia\" \/>\n<meta property=\"article:publisher\" content=\"https:\/\/www.facebook.com\/oxaliaofficiel\" \/>\n<meta property=\"article:modified_time\" content=\"2025-07-04T08:21:38+00:00\" \/>\n<meta name=\"twitter:card\" content=\"summary_large_image\" \/>\n<meta name=\"twitter:label1\" content=\"Tiempo de lectura\" \/>\n\t<meta name=\"twitter:data1\" content=\"2 minuto\" \/>\n<script type=\"application\/ld+json\" class=\"yoast-schema-graph\">{\"@context\":\"https:\\\/\\\/schema.org\",\"@graph\":[{\"@type\":\"WebPage\",\"@id\":\"https:\\\/\\\/oxalia.eu\\\/es\\\/?page_id=3579\",\"url\":\"https:\\\/\\\/oxalia.eu\\\/es\\\/?page_id=3579\",\"name\":\"Pol\u00edtica de cookies | Oxalia\",\"isPartOf\":{\"@id\":\"https:\\\/\\\/oxalia.eu\\\/#website\"},\"datePublished\":\"2025-05-23T08:39:16+00:00\",\"dateModified\":\"2025-07-04T08:21:38+00:00\",\"breadcrumb\":{\"@id\":\"https:\\\/\\\/oxalia.eu\\\/es\\\/?page_id=3579#breadcrumb\"},\"inLanguage\":\"es\",\"potentialAction\":[{\"@type\":\"ReadAction\",\"target\":[\"https:\\\/\\\/oxalia.eu\\\/es\\\/?page_id=3579\"]}]},{\"@type\":\"BreadcrumbList\",\"@id\":\"https:\\\/\\\/oxalia.eu\\\/es\\\/?page_id=3579#breadcrumb\",\"itemListElement\":[{\"@type\":\"ListItem\",\"position\":1,\"name\":\"Accueil\",\"item\":\"https:\\\/\\\/oxalia.eu\\\/es\\\/\"},{\"@type\":\"ListItem\",\"position\":2,\"name\":\"Pol\u00edtica de cookies\"}]},{\"@type\":\"WebSite\",\"@id\":\"https:\\\/\\\/oxalia.eu\\\/#website\",\"url\":\"https:\\\/\\\/oxalia.eu\\\/\",\"name\":\"Oxalia\",\"description\":\"Cosm\u00e9tiques professionnels, biologiques, naturels et fabriqu\u00e9s en France\",\"publisher\":{\"@id\":\"https:\\\/\\\/oxalia.eu\\\/#organization\"},\"potentialAction\":[{\"@type\":\"SearchAction\",\"target\":{\"@type\":\"EntryPoint\",\"urlTemplate\":\"https:\\\/\\\/oxalia.eu\\\/?s={search_term_string}\"},\"query-input\":{\"@type\":\"PropertyValueSpecification\",\"valueRequired\":true,\"valueName\":\"search_term_string\"}}],\"inLanguage\":\"es\"},{\"@type\":\"Organization\",\"@id\":\"https:\\\/\\\/oxalia.eu\\\/#organization\",\"name\":\"Oxalia\",\"url\":\"https:\\\/\\\/oxalia.eu\\\/\",\"logo\":{\"@type\":\"ImageObject\",\"inLanguage\":\"es\",\"@id\":\"https:\\\/\\\/oxalia.eu\\\/#\\\/schema\\\/logo\\\/image\\\/\",\"url\":\"https:\\\/\\\/oxalia.eu\\\/wp-content\\\/uploads\\\/2025\\\/04\\\/cropped-logo-oxalia-gris.webp\",\"contentUrl\":\"https:\\\/\\\/oxalia.eu\\\/wp-content\\\/uploads\\\/2025\\\/04\\\/cropped-logo-oxalia-gris.webp\",\"width\":241,\"height\":76,\"caption\":\"Oxalia\"},\"image\":{\"@id\":\"https:\\\/\\\/oxalia.eu\\\/#\\\/schema\\\/logo\\\/image\\\/\"},\"sameAs\":[\"https:\\\/\\\/www.facebook.com\\\/oxaliaofficiel\",\"https:\\\/\\\/www.instagram.com\\\/oxalia.officiel\\\/\"]}]}<\/script>\n<!-- \/ Yoast SEO plugin. -->","yoast_head_json":{"title":"Pol\u00edtica de cookies | Oxalia","robots":{"index":"index","follow":"follow","max-snippet":"max-snippet:-1","max-image-preview":"max-image-preview:large","max-video-preview":"max-video-preview:-1"},"canonical":"https:\/\/oxalia.eu\/es\/?page_id=3579","og_locale":"es_ES","og_type":"article","og_title":"Pol\u00edtica de cookies | Oxalia","og_description":"Pol\u00edtica de cookies \u00daltima actualizaci\u00f3n: 23\/05\/2025 El sitio web Oxalia utiliza cookies para mejorar tu experiencia de navegaci\u00f3n, medir la audiencia y ofrecer servicios adaptados a tus intereses. 1. \u00bfQu\u00e9 es una galleta? Una cookie es un peque\u00f1o archivo de texto que se coloca en tu terminal (ordenador, smartphone, tableta) cuando visitas un sitio web. [&hellip;]","og_url":"https:\/\/oxalia.eu\/es\/?page_id=3579","og_site_name":"Oxalia","article_publisher":"https:\/\/www.facebook.com\/oxaliaofficiel","article_modified_time":"2025-07-04T08:21:38+00:00","twitter_card":"summary_large_image","twitter_misc":{"Tiempo de lectura":"2 minuto"},"schema":{"@context":"https:\/\/schema.org","@graph":[{"@type":"WebPage","@id":"https:\/\/oxalia.eu\/es\/?page_id=3579","url":"https:\/\/oxalia.eu\/es\/?page_id=3579","name":"Pol\u00edtica de cookies | Oxalia","isPartOf":{"@id":"https:\/\/oxalia.eu\/#website"},"datePublished":"2025-05-23T08:39:16+00:00","dateModified":"2025-07-04T08:21:38+00:00","breadcrumb":{"@id":"https:\/\/oxalia.eu\/es\/?page_id=3579#breadcrumb"},"inLanguage":"es","potentialAction":[{"@type":"ReadAction","target":["https:\/\/oxalia.eu\/es\/?page_id=3579"]}]},{"@type":"BreadcrumbList","@id":"https:\/\/oxalia.eu\/es\/?page_id=3579#breadcrumb","itemListElement":[{"@type":"ListItem","position":1,"name":"Accueil","item":"https:\/\/oxalia.eu\/es\/"},{"@type":"ListItem","position":2,"name":"Pol\u00edtica de cookies"}]},{"@type":"WebSite","@id":"https:\/\/oxalia.eu\/#website","url":"https:\/\/oxalia.eu\/","name":"Oxalia","description":"Cosm\u00e9tiques professionnels, biologiques, naturels et fabriqu\u00e9s en France","publisher":{"@id":"https:\/\/oxalia.eu\/#organization"},"potentialAction":[{"@type":"SearchAction","target":{"@type":"EntryPoint","urlTemplate":"https:\/\/oxalia.eu\/?s={search_term_string}"},"query-input":{"@type":"PropertyValueSpecification","valueRequired":true,"valueName":"search_term_string"}}],"inLanguage":"es"},{"@type":"Organization","@id":"https:\/\/oxalia.eu\/#organization","name":"Oxalia","url":"https:\/\/oxalia.eu\/","logo":{"@type":"ImageObject","inLanguage":"es","@id":"https:\/\/oxalia.eu\/#\/schema\/logo\/image\/","url":"https:\/\/oxalia.eu\/wp-content\/uploads\/2025\/04\/cropped-logo-oxalia-gris.webp","contentUrl":"https:\/\/oxalia.eu\/wp-content\/uploads\/2025\/04\/cropped-logo-oxalia-gris.webp","width":241,"height":76,"caption":"Oxalia"},"image":{"@id":"https:\/\/oxalia.eu\/#\/schema\/logo\/image\/"},"sameAs":["https:\/\/www.facebook.com\/oxaliaofficiel","https:\/\/www.instagram.com\/oxalia.officiel\/"]}]}},"jetpack_sharing_enabled":true,"_links":{"self":[{"href":"https:\/\/oxalia.eu\/es\/wp-json\/wp\/v2\/pages\/3579","targetHints":{"allow":["GET"]}}],"collection":[{"href":"https:\/\/oxalia.eu\/es\/wp-json\/wp\/v2\/pages"}],"about":[{"href":"https:\/\/oxalia.eu\/es\/wp-json\/wp\/v2\/types\/page"}],"author":[{"embeddable":true,"href":"https:\/\/oxalia.eu\/es\/wp-json\/wp\/v2\/users\/1"}],"replies":[{"embeddable":true,"href":"https:\/\/oxalia.eu\/es\/wp-json\/wp\/v2\/comments?post=3579"}],"version-history":[{"count":0,"href":"https:\/\/oxalia.eu\/es\/wp-json\/wp\/v2\/pages\/3579\/revisions"}],"wp:attachment":[{"href":"https:\/\/oxalia.eu\/es\/wp-json\/wp\/v2\/media?parent=3579"}],"curies":[{"name":"wp","href":"https:\/\/api.w.org\/{rel}","templated":true}]}}