{"id":3570,"date":"2025-05-22T12:46:48","date_gmt":"2025-05-22T10:46:48","guid":{"rendered":"https:\/\/oxalia.eu\/informacion-legal\/"},"modified":"2025-07-04T10:21:31","modified_gmt":"2025-07-04T08:21:31","slug":"informacion-legal","status":"publish","type":"page","link":"https:\/\/oxalia.eu\/es\/informacion-legal\/","title":{"rendered":"Informaci\u00f3n legal"},"content":{"rendered":"\t\t<div data-elementor-type=\"wp-page\" data-elementor-id=\"3570\" class=\"elementor elementor-3570 elementor-1388\" data-elementor-post-type=\"page\">\n\t\t\t\t<div class=\"elementor-element elementor-element-fa45cde e-flex e-con-boxed e-con e-parent\" data-id=\"fa45cde\" data-element_type=\"container\" data-e-type=\"container\">\n\t\t\t\t\t<div class=\"e-con-inner\">\n\t\t\t\t<div class=\"elementor-element elementor-element-64446b6 elementor-widget elementor-widget-heading\" data-id=\"64446b6\" data-element_type=\"widget\" data-e-type=\"widget\" data-widget_type=\"heading.default\">\n\t\t\t\t<div class=\"elementor-widget-container\">\n\t\t\t\t\t<h1 class=\"elementor-heading-title elementor-size-default\">Informaci\u00f3n legal<\/h1>\t\t\t\t<\/div>\n\t\t\t\t<\/div>\n\t\t\t\t\t<\/div>\n\t\t\t\t<\/div>\n\t\t<div class=\"elementor-element elementor-element-d752d4b e-flex e-con-boxed e-con e-parent\" data-id=\"d752d4b\" data-element_type=\"container\" data-e-type=\"container\">\n\t\t\t\t\t<div class=\"e-con-inner\">\n\t\t\t\t<div class=\"elementor-element elementor-element-a67aff3 elementor-widget elementor-widget-text-editor\" data-id=\"a67aff3\" data-element_type=\"widget\" data-e-type=\"widget\" data-widget_type=\"text-editor.default\">\n\t\t\t\t<div class=\"elementor-widget-container\">\n\t\t\t\t\t\t\t\t\t<h2>1. Editor del sitio<\/h2><p><strong>Nombre de la empresa:<\/strong> LCB Cosm\u00e9tiques (SARL) <br><strong>Direcci\u00f3n:<\/strong> 10 rue de Perpignan 34880 Lav\u00e9rune &#8211; FRANCIA<br><strong>Tel\u00e9fono:<\/strong> +33 (0)9 54 07 97 99<br><strong>Correo electr\u00f3nico:<\/strong> contact@oxalia.eu<br> SIRET<strong>:<\/strong> 51349891500034<br><strong>N\u00famero de IVA intracomunitario:<\/strong> FR84513498915<\/p><h2>2. Director de la publicaci\u00f3n<\/h2><p><strong>Nombre:<\/strong> St\u00e9phane Bridot<br><strong>T\u00edtulo:<\/strong> Director General &#8211; Socio<\/p><h2>3. Alojamiento<\/h2><p><strong>Anfitri\u00f3n:<\/strong> OVH<br><strong>Direcci\u00f3n:<\/strong> 2 Rue Kellermann, 59100 Roubaix, Francia<br><strong>Tel\u00e9fono:<\/strong> +33 (0)9 72 10 10 07<br><strong>P\u00e1gina web:<\/strong> <a href=\"https:\/\/www.ovh.com\/\" target=\"_new\" rel=\"noopener\">www.ovh.com<\/a><\/p><h2>4. Derechos de propiedad intelectual<\/h2><p>Todos los contenidos de este sitio (textos, im\u00e1genes, logotipos, etc.) son propiedad de Oxalia S.A.S. o de terceros que han autorizado a Oxalia\u00ae a utilizarlos. Cualquier reproducci\u00f3n, incluso parcial, est\u00e1 prohibida sin autorizaci\u00f3n previa por escrito. <\/p><h2>5. Datos personales<\/h2><p>De conformidad con la Ley francesa de Protecci\u00f3n de Datos de 6 de enero de 1978, en su versi\u00f3n modificada, y el Reglamento General de Protecci\u00f3n de Datos (RGPD), tienes derecho a acceder, rectificar y suprimir tus datos personales. Para ejercer este derecho, ponte en contacto con nosotros en la siguiente direcci\u00f3n: cm@oxalia.eu. <\/p><h2>6. Cookies<\/h2><p>El sitio utiliza cookies para mejorar la experiencia del usuario y analizar el tr\u00e1fico. Puedes rechazar el uso de cookies en cualquier momento modificando la configuraci\u00f3n de tu navegador. <\/p><h2>7. Enlaces de hipertexto<\/h2><p>El sitio puede contener enlaces a otros sitios. Oxalia\u00ae no es responsable del contenido de estos sitios y declina toda responsabilidad al respecto. <\/p><h2>8. Derecho aplicable<\/h2><p>Este aviso legal se rige por la legislaci\u00f3n francesa. Cualquier litigio relativo a la utilizaci\u00f3n del sitio se someter\u00e1 a los tribunales competentes de Montpellier. <\/p>\t\t\t\t\t\t\t\t<\/div>\n\t\t\t\t<\/div>\n\t\t\t\t\t<\/div>\n\t\t\t\t<\/div>\n\t\t\t\t<\/div>\n\t\t","protected":false},"excerpt":{"rendered":"<p>Informaci\u00f3n legal 1. Editor del sitio Nombre de la empresa: LCB Cosm\u00e9tiques (SARL) Direcci\u00f3n: 10 rue de Perpignan 34880 Lav\u00e9rune &#8211; FRANCIATel\u00e9fono: +33 (0)9 54 07 97 99Correo electr\u00f3nico: contact@oxalia.eu SIRET: 51349891500034N\u00famero de IVA intracomunitario: FR84513498915 2. Director de la publicaci\u00f3n Nombre: St\u00e9phane BridotT\u00edtulo: Director General &#8211; Socio 3. Alojamiento Anfitri\u00f3n: OVHDirecci\u00f3n: 2 Rue Kellermann, [&hellip;]<\/p>\n","protected":false},"author":1,"featured_media":0,"parent":0,"menu_order":0,"comment_status":"closed","ping_status":"closed","template":"elementor_header_footer","meta":{"_acf_changed":false,"ocean_post_layout":"","ocean_both_sidebars_style":"","ocean_both_sidebars_content_width":0,"ocean_both_sidebars_sidebars_width":0,"ocean_sidebar":"","ocean_second_sidebar":"","ocean_disable_margins":"enable","ocean_add_body_class":"","ocean_shortcode_before_top_bar":"","ocean_shortcode_after_top_bar":"","ocean_shortcode_before_header":"","ocean_shortcode_after_header":"","ocean_has_shortcode":"","ocean_shortcode_after_title":"","ocean_shortcode_before_footer_widgets":"","ocean_shortcode_after_footer_widgets":"","ocean_shortcode_before_footer_bottom":"","ocean_shortcode_after_footer_bottom":"","ocean_display_top_bar":"default","ocean_display_header":"default","ocean_header_style":"","ocean_center_header_left_menu":"","ocean_custom_header_template":"","ocean_custom_logo":0,"ocean_custom_retina_logo":0,"ocean_custom_logo_max_width":0,"ocean_custom_logo_tablet_max_width":0,"ocean_custom_logo_mobile_max_width":0,"ocean_custom_logo_max_height":0,"ocean_custom_logo_tablet_max_height":0,"ocean_custom_logo_mobile_max_height":0,"ocean_header_custom_menu":"","ocean_menu_typo_font_family":"","ocean_menu_typo_font_subset":"","ocean_menu_typo_font_size":0,"ocean_menu_typo_font_size_tablet":0,"ocean_menu_typo_font_size_mobile":0,"ocean_menu_typo_font_size_unit":"px","ocean_menu_typo_font_weight":"","ocean_menu_typo_font_weight_tablet":"","ocean_menu_typo_font_weight_mobile":"","ocean_menu_typo_transform":"","ocean_menu_typo_transform_tablet":"","ocean_menu_typo_transform_mobile":"","ocean_menu_typo_line_height":0,"ocean_menu_typo_line_height_tablet":0,"ocean_menu_typo_line_height_mobile":0,"ocean_menu_typo_line_height_unit":"","ocean_menu_typo_spacing":0,"ocean_menu_typo_spacing_tablet":0,"ocean_menu_typo_spacing_mobile":0,"ocean_menu_typo_spacing_unit":"","ocean_menu_link_color":"","ocean_menu_link_color_hover":"","ocean_menu_link_color_active":"","ocean_menu_link_background":"","ocean_menu_link_hover_background":"","ocean_menu_link_active_background":"","ocean_menu_social_links_bg":"","ocean_menu_social_hover_links_bg":"","ocean_menu_social_links_color":"","ocean_menu_social_hover_links_color":"","ocean_disable_title":"default","ocean_disable_heading":"default","ocean_post_title":"","ocean_post_subheading":"","ocean_post_title_style":"","ocean_post_title_background_color":"","ocean_post_title_background":0,"ocean_post_title_bg_image_position":"","ocean_post_title_bg_image_attachment":"","ocean_post_title_bg_image_repeat":"","ocean_post_title_bg_image_size":"","ocean_post_title_height":0,"ocean_post_title_bg_overlay":0.5,"ocean_post_title_bg_overlay_color":"","ocean_disable_breadcrumbs":"default","ocean_breadcrumbs_color":"","ocean_breadcrumbs_separator_color":"","ocean_breadcrumbs_links_color":"","ocean_breadcrumbs_links_hover_color":"","ocean_display_footer_widgets":"default","ocean_display_footer_bottom":"default","ocean_custom_footer_template":"","footnotes":""},"class_list":["post-3570","page","type-page","status-publish","hentry","entry","owp-thumbs-layout-horizontal","owp-btn-normal","owp-tabs-layout-horizontal","has-no-thumbnails","has-product-nav"],"acf":[],"yoast_head":"<!-- This site is optimized with the Yoast SEO plugin v27.3 - https:\/\/yoast.com\/product\/yoast-seo-wordpress\/ -->\n<title>Informaci\u00f3n legal | Oxalia<\/title>\n<meta name=\"robots\" content=\"index, follow, max-snippet:-1, max-image-preview:large, max-video-preview:-1\" \/>\n<link rel=\"canonical\" href=\"https:\/\/oxalia.eu\/es\/?page_id=3570\" \/>\n<meta property=\"og:locale\" content=\"es_ES\" \/>\n<meta property=\"og:type\" content=\"article\" \/>\n<meta property=\"og:title\" content=\"Informaci\u00f3n legal | Oxalia\" \/>\n<meta property=\"og:description\" content=\"Informaci\u00f3n legal 1. Editor del sitio Nombre de la empresa: LCB Cosm\u00e9tiques (SARL) Direcci\u00f3n: 10 rue de Perpignan 34880 Lav\u00e9rune &#8211; FRANCIATel\u00e9fono: +33 (0)9 54 07 97 99Correo electr\u00f3nico: contact@oxalia.eu SIRET: 51349891500034N\u00famero de IVA intracomunitario: FR84513498915 2. Director de la publicaci\u00f3n Nombre: St\u00e9phane BridotT\u00edtulo: Director General &#8211; Socio 3. Alojamiento Anfitri\u00f3n: OVHDirecci\u00f3n: 2 Rue Kellermann, [&hellip;]\" \/>\n<meta property=\"og:url\" content=\"https:\/\/oxalia.eu\/es\/?page_id=3570\" \/>\n<meta property=\"og:site_name\" content=\"Oxalia\" \/>\n<meta property=\"article:publisher\" content=\"https:\/\/www.facebook.com\/oxaliaofficiel\" \/>\n<meta property=\"article:modified_time\" content=\"2025-07-04T08:21:31+00:00\" \/>\n<meta name=\"twitter:card\" content=\"summary_large_image\" \/>\n<meta name=\"twitter:label1\" content=\"Tiempo de lectura\" \/>\n\t<meta name=\"twitter:data1\" content=\"1 minuto\" \/>\n<script type=\"application\/ld+json\" class=\"yoast-schema-graph\">{\"@context\":\"https:\\\/\\\/schema.org\",\"@graph\":[{\"@type\":\"WebPage\",\"@id\":\"https:\\\/\\\/oxalia.eu\\\/es\\\/?page_id=3570\",\"url\":\"https:\\\/\\\/oxalia.eu\\\/es\\\/?page_id=3570\",\"name\":\"Informaci\u00f3n legal | Oxalia\",\"isPartOf\":{\"@id\":\"https:\\\/\\\/oxalia.eu\\\/#website\"},\"datePublished\":\"2025-05-22T10:46:48+00:00\",\"dateModified\":\"2025-07-04T08:21:31+00:00\",\"breadcrumb\":{\"@id\":\"https:\\\/\\\/oxalia.eu\\\/es\\\/?page_id=3570#breadcrumb\"},\"inLanguage\":\"es\",\"potentialAction\":[{\"@type\":\"ReadAction\",\"target\":[\"https:\\\/\\\/oxalia.eu\\\/es\\\/?page_id=3570\"]}]},{\"@type\":\"BreadcrumbList\",\"@id\":\"https:\\\/\\\/oxalia.eu\\\/es\\\/?page_id=3570#breadcrumb\",\"itemListElement\":[{\"@type\":\"ListItem\",\"position\":1,\"name\":\"Accueil\",\"item\":\"https:\\\/\\\/oxalia.eu\\\/es\\\/\"},{\"@type\":\"ListItem\",\"position\":2,\"name\":\"Informaci\u00f3n legal\"}]},{\"@type\":\"WebSite\",\"@id\":\"https:\\\/\\\/oxalia.eu\\\/#website\",\"url\":\"https:\\\/\\\/oxalia.eu\\\/\",\"name\":\"Oxalia\",\"description\":\"Cosm\u00e9tiques professionnels, biologiques, naturels et fabriqu\u00e9s en France\",\"publisher\":{\"@id\":\"https:\\\/\\\/oxalia.eu\\\/#organization\"},\"potentialAction\":[{\"@type\":\"SearchAction\",\"target\":{\"@type\":\"EntryPoint\",\"urlTemplate\":\"https:\\\/\\\/oxalia.eu\\\/?s={search_term_string}\"},\"query-input\":{\"@type\":\"PropertyValueSpecification\",\"valueRequired\":true,\"valueName\":\"search_term_string\"}}],\"inLanguage\":\"es\"},{\"@type\":\"Organization\",\"@id\":\"https:\\\/\\\/oxalia.eu\\\/#organization\",\"name\":\"Oxalia\",\"url\":\"https:\\\/\\\/oxalia.eu\\\/\",\"logo\":{\"@type\":\"ImageObject\",\"inLanguage\":\"es\",\"@id\":\"https:\\\/\\\/oxalia.eu\\\/#\\\/schema\\\/logo\\\/image\\\/\",\"url\":\"https:\\\/\\\/oxalia.eu\\\/wp-content\\\/uploads\\\/2025\\\/04\\\/cropped-logo-oxalia-gris.webp\",\"contentUrl\":\"https:\\\/\\\/oxalia.eu\\\/wp-content\\\/uploads\\\/2025\\\/04\\\/cropped-logo-oxalia-gris.webp\",\"width\":241,\"height\":76,\"caption\":\"Oxalia\"},\"image\":{\"@id\":\"https:\\\/\\\/oxalia.eu\\\/#\\\/schema\\\/logo\\\/image\\\/\"},\"sameAs\":[\"https:\\\/\\\/www.facebook.com\\\/oxaliaofficiel\",\"https:\\\/\\\/www.instagram.com\\\/oxalia.officiel\\\/\"]}]}<\/script>\n<!-- \/ Yoast SEO plugin. -->","yoast_head_json":{"title":"Informaci\u00f3n legal | Oxalia","robots":{"index":"index","follow":"follow","max-snippet":"max-snippet:-1","max-image-preview":"max-image-preview:large","max-video-preview":"max-video-preview:-1"},"canonical":"https:\/\/oxalia.eu\/es\/?page_id=3570","og_locale":"es_ES","og_type":"article","og_title":"Informaci\u00f3n legal | Oxalia","og_description":"Informaci\u00f3n legal 1. Editor del sitio Nombre de la empresa: LCB Cosm\u00e9tiques (SARL) Direcci\u00f3n: 10 rue de Perpignan 34880 Lav\u00e9rune &#8211; FRANCIATel\u00e9fono: +33 (0)9 54 07 97 99Correo electr\u00f3nico: contact@oxalia.eu SIRET: 51349891500034N\u00famero de IVA intracomunitario: FR84513498915 2. Director de la publicaci\u00f3n Nombre: St\u00e9phane BridotT\u00edtulo: Director General &#8211; Socio 3. Alojamiento Anfitri\u00f3n: OVHDirecci\u00f3n: 2 Rue Kellermann, [&hellip;]","og_url":"https:\/\/oxalia.eu\/es\/?page_id=3570","og_site_name":"Oxalia","article_publisher":"https:\/\/www.facebook.com\/oxaliaofficiel","article_modified_time":"2025-07-04T08:21:31+00:00","twitter_card":"summary_large_image","twitter_misc":{"Tiempo de lectura":"1 minuto"},"schema":{"@context":"https:\/\/schema.org","@graph":[{"@type":"WebPage","@id":"https:\/\/oxalia.eu\/es\/?page_id=3570","url":"https:\/\/oxalia.eu\/es\/?page_id=3570","name":"Informaci\u00f3n legal | Oxalia","isPartOf":{"@id":"https:\/\/oxalia.eu\/#website"},"datePublished":"2025-05-22T10:46:48+00:00","dateModified":"2025-07-04T08:21:31+00:00","breadcrumb":{"@id":"https:\/\/oxalia.eu\/es\/?page_id=3570#breadcrumb"},"inLanguage":"es","potentialAction":[{"@type":"ReadAction","target":["https:\/\/oxalia.eu\/es\/?page_id=3570"]}]},{"@type":"BreadcrumbList","@id":"https:\/\/oxalia.eu\/es\/?page_id=3570#breadcrumb","itemListElement":[{"@type":"ListItem","position":1,"name":"Accueil","item":"https:\/\/oxalia.eu\/es\/"},{"@type":"ListItem","position":2,"name":"Informaci\u00f3n legal"}]},{"@type":"WebSite","@id":"https:\/\/oxalia.eu\/#website","url":"https:\/\/oxalia.eu\/","name":"Oxalia","description":"Cosm\u00e9tiques professionnels, biologiques, naturels et fabriqu\u00e9s en France","publisher":{"@id":"https:\/\/oxalia.eu\/#organization"},"potentialAction":[{"@type":"SearchAction","target":{"@type":"EntryPoint","urlTemplate":"https:\/\/oxalia.eu\/?s={search_term_string}"},"query-input":{"@type":"PropertyValueSpecification","valueRequired":true,"valueName":"search_term_string"}}],"inLanguage":"es"},{"@type":"Organization","@id":"https:\/\/oxalia.eu\/#organization","name":"Oxalia","url":"https:\/\/oxalia.eu\/","logo":{"@type":"ImageObject","inLanguage":"es","@id":"https:\/\/oxalia.eu\/#\/schema\/logo\/image\/","url":"https:\/\/oxalia.eu\/wp-content\/uploads\/2025\/04\/cropped-logo-oxalia-gris.webp","contentUrl":"https:\/\/oxalia.eu\/wp-content\/uploads\/2025\/04\/cropped-logo-oxalia-gris.webp","width":241,"height":76,"caption":"Oxalia"},"image":{"@id":"https:\/\/oxalia.eu\/#\/schema\/logo\/image\/"},"sameAs":["https:\/\/www.facebook.com\/oxaliaofficiel","https:\/\/www.instagram.com\/oxalia.officiel\/"]}]}},"jetpack_sharing_enabled":true,"_links":{"self":[{"href":"https:\/\/oxalia.eu\/es\/wp-json\/wp\/v2\/pages\/3570","targetHints":{"allow":["GET"]}}],"collection":[{"href":"https:\/\/oxalia.eu\/es\/wp-json\/wp\/v2\/pages"}],"about":[{"href":"https:\/\/oxalia.eu\/es\/wp-json\/wp\/v2\/types\/page"}],"author":[{"embeddable":true,"href":"https:\/\/oxalia.eu\/es\/wp-json\/wp\/v2\/users\/1"}],"replies":[{"embeddable":true,"href":"https:\/\/oxalia.eu\/es\/wp-json\/wp\/v2\/comments?post=3570"}],"version-history":[{"count":0,"href":"https:\/\/oxalia.eu\/es\/wp-json\/wp\/v2\/pages\/3570\/revisions"}],"wp:attachment":[{"href":"https:\/\/oxalia.eu\/es\/wp-json\/wp\/v2\/media?parent=3570"}],"curies":[{"name":"wp","href":"https:\/\/api.w.org\/{rel}","templated":true}]}}