{"id":10142,"date":"2025-05-23T08:54:23","date_gmt":"2025-05-23T06:54:23","guid":{"rendered":"https:\/\/oxalia.eu\/10142-2\/"},"modified":"2026-04-17T11:43:05","modified_gmt":"2026-04-17T09:43:05","slug":"10142-2","status":"publish","type":"page","link":"https:\/\/oxalia.eu\/es\/10142-2\/","title":{"rendered":""},"content":{"rendered":"\t\t<div data-elementor-type=\"wp-page\" data-elementor-id=\"10142\" class=\"elementor elementor-10142 elementor-1429\" data-elementor-post-type=\"page\">\n\t\t\t\t<div class=\"elementor-element elementor-element-6d80173 e-con-full e-flex e-con e-parent\" data-id=\"6d80173\" data-element_type=\"container\" data-e-type=\"container\">\n\t\t\t\t<div class=\"elementor-element elementor-element-863f00a elementor--h-position-center elementor--v-position-middle elementor-arrows-position-inside elementor-pagination-position-inside elementor-widget elementor-widget-slides\" data-id=\"863f00a\" data-element_type=\"widget\" data-e-type=\"widget\" data-settings=\"{&quot;navigation&quot;:&quot;both&quot;,&quot;autoplay&quot;:&quot;yes&quot;,&quot;pause_on_hover&quot;:&quot;yes&quot;,&quot;pause_on_interaction&quot;:&quot;yes&quot;,&quot;autoplay_speed&quot;:5000,&quot;infinite&quot;:&quot;yes&quot;,&quot;transition&quot;:&quot;slide&quot;,&quot;transition_speed&quot;:500}\" data-widget_type=\"slides.default\">\n\t\t\t\t<div class=\"elementor-widget-container\">\n\t\t\t\t\t\t\t\t\t<div class=\"elementor-swiper\">\n\t\t\t\t\t<div class=\"elementor-slides-wrapper elementor-main-swiper swiper\" role=\"region\" aria-roledescription=\"carousel\" aria-label=\"Diapositives\" dir=\"ltr\" data-animation=\"fadeInUp\">\n\t\t\t\t<div class=\"swiper-wrapper elementor-slides\">\n\t\t\t\t\t\t\t\t\t\t<div class=\"elementor-repeater-item-65208e3 swiper-slide\" role=\"group\" aria-roledescription=\"slide\"><div class=\"swiper-slide-bg elementor-ken-burns elementor-ken-burns--in\" role=\"img\" aria-label=\"Travers\u00e9e Scandinave\"><\/div><div class=\"elementor-background-overlay\"><\/div><div class=\"swiper-slide-inner\" ><div class=\"swiper-slide-contents\"><div class=\"elementor-slide-heading\">Descubre nuestros art\u00edculos<\/div><div class=\"elementor-slide-description\"><p>\u00a1Este es el rinc\u00f3n de lectura del sitio! El Mag re\u00fane todos nuestros art\u00edculos: noticias, favoritos, consejos, actualidad... <\/p>\n<\/div><\/div><\/div><\/div>\t\t\t\t<\/div>\n\t\t\t\t\t\t\t<\/div>\n\t\t\t\t<\/div>\n\t\t\t\t\t\t\t\t<\/div>\n\t\t\t\t<\/div>\n\t\t\t\t<\/div>\n\t\t<div class=\"elementor-element elementor-element-7510f34 e-flex e-con-boxed e-con e-parent\" data-id=\"7510f34\" data-element_type=\"container\" data-e-type=\"container\">\n\t\t\t\t\t<div class=\"e-con-inner\">\n\t\t\t\t<div class=\"elementor-element elementor-element-7729b62 elementor-headline--style-rotate elementor-widget elementor-widget-animated-headline\" data-id=\"7729b62\" data-element_type=\"widget\" data-e-type=\"widget\" data-settings=\"{&quot;headline_style&quot;:&quot;rotate&quot;,&quot;animation_type&quot;:&quot;clip&quot;,&quot;rotating_text&quot;:&quot;noticias\\ntendencias\\nideas del momento\\ninspiraci\\u00f3n\\nbuenas ofertas&quot;,&quot;loop&quot;:&quot;yes&quot;,&quot;rotate_iteration_delay&quot;:2500}\" data-widget_type=\"animated-headline.default\">\n\t\t\t\t<div class=\"elementor-widget-container\">\n\t\t\t\t\t\t\t<h3 class=\"elementor-headline elementor-headline-animation-type-clip\">\n\t\t\t\t\t<span class=\"elementor-headline-plain-text elementor-headline-text-wrapper\">En Le Mag, exploramos<\/span>\n\t\t\t\t<span class=\"elementor-headline-dynamic-wrapper elementor-headline-text-wrapper\">\n\t\t\t\t\t<span class=\"elementor-headline-dynamic-text elementor-headline-text-active\">\n\t\t\t\tnoticias\t\t\t<\/span>\n\t\t\t\t\t<span class=\"elementor-headline-dynamic-text\">\n\t\t\t\ttendencias\t\t\t<\/span>\n\t\t\t\t\t<span class=\"elementor-headline-dynamic-text\">\n\t\t\t\tideas&nbsp;del&nbsp;momento\t\t\t<\/span>\n\t\t\t\t\t<span class=\"elementor-headline-dynamic-text\">\n\t\t\t\tinspiraci\u00f3n\t\t\t<\/span>\n\t\t\t\t\t<span class=\"elementor-headline-dynamic-text\">\n\t\t\t\tbuenas&nbsp;ofertas\t\t\t<\/span>\n\t\t\t\t\t\t<\/span>\n\t\t\t\t\t<span class=\"elementor-headline-plain-text elementor-headline-text-wrapper\">!<\/span>\n\t\t\t\t\t<\/h3>\n\t\t\t\t\t\t<\/div>\n\t\t\t\t<\/div>\n\t\t\t\t<div class=\"elementor-element elementor-element-8ce0c3e elementor-grid-3 elementor-grid-tablet-2 elementor-grid-mobile-1 elementor-posts--thumbnail-top elementor-card-shadow-yes elementor-posts__hover-gradient elementor-widget elementor-widget-posts\" data-id=\"8ce0c3e\" data-element_type=\"widget\" data-e-type=\"widget\" data-settings=\"{&quot;cards_columns&quot;:&quot;3&quot;,&quot;cards_columns_tablet&quot;:&quot;2&quot;,&quot;cards_columns_mobile&quot;:&quot;1&quot;,&quot;cards_row_gap&quot;:{&quot;unit&quot;:&quot;px&quot;,&quot;size&quot;:35,&quot;sizes&quot;:[]},&quot;cards_row_gap_tablet&quot;:{&quot;unit&quot;:&quot;px&quot;,&quot;size&quot;:&quot;&quot;,&quot;sizes&quot;:[]},&quot;cards_row_gap_mobile&quot;:{&quot;unit&quot;:&quot;px&quot;,&quot;size&quot;:&quot;&quot;,&quot;sizes&quot;:[]}}\" data-widget_type=\"posts.cards\">\n\t\t\t\t<div class=\"elementor-widget-container\">\n\t\t\t\t\t\t\t<div class=\"elementor-posts-container elementor-posts elementor-posts--skin-cards elementor-grid\" role=\"list\">\n\t\t\t\t<article class=\"elementor-post elementor-grid-item post-10131 post type-post status-publish format-standard has-post-thumbnail hentry category-pro tag-bio tag-cosmeticos-ecologicos tag-instituto entry has-media owp-thumbs-layout-horizontal owp-btn-normal owp-tabs-layout-horizontal has-no-thumbnails has-product-nav\" role=\"listitem\">\n\t\t\t<div class=\"elementor-post__card\">\n\t\t\t\t<a class=\"elementor-post__thumbnail__link\" href=\"https:\/\/oxalia.eu\/es\/2026\/03\/12\/cosmetica-ecologica-profesional-por-que-los-salones-de-belleza-se-pasan-a-lo-ecologico\/\" tabindex=\"-1\" ><div class=\"elementor-post__thumbnail\"><img fetchpriority=\"high\" decoding=\"async\" width=\"300\" height=\"240\" src=\"https:\/\/oxalia.eu\/wp-content\/uploads\/2026\/02\/Photos-article-site-300x240.webp\" class=\"attachment-medium size-medium wp-image-7986\" alt=\"Liste inci SOins visage Epure Bambou\" srcset=\"https:\/\/oxalia.eu\/wp-content\/uploads\/2026\/02\/Photos-article-site-300x240.webp 300w, https:\/\/oxalia.eu\/wp-content\/uploads\/2026\/02\/Photos-article-site-150x120.webp 150w, https:\/\/oxalia.eu\/wp-content\/uploads\/2026\/02\/Photos-article-site-64x51.webp 64w, https:\/\/oxalia.eu\/wp-content\/uploads\/2026\/02\/Photos-article-site.webp 500w\" sizes=\"(max-width: 300px) 100vw, 300px\" \/><\/div><\/a>\n\t\t\t\t<div class=\"elementor-post__badge\">Pro<\/div>\n\t\t\t\t<div class=\"elementor-post__text\">\n\t\t\t\t<h3 class=\"elementor-post__title\">\n\t\t\t<a href=\"https:\/\/oxalia.eu\/es\/2026\/03\/12\/cosmetica-ecologica-profesional-por-que-los-salones-de-belleza-se-pasan-a-lo-ecologico\/\" >\n\t\t\t\tCosm\u00e9tica ecol\u00f3gica profesional: \u00bfpor qu\u00e9 los salones de belleza se pasan a lo ecol\u00f3gico?\t\t\t<\/a>\n\t\t<\/h3>\n\t\t\t\t<div class=\"elementor-post__excerpt\">\n\t\t\t<p>Los salones de belleza ya no se contentan con ofrecer tratamientos agradables, ahora tienen que tranquilizar, demostrar su compromiso y responder a una clientela cada<\/p>\n\t\t<\/div>\n\t\t\n\t\t<a class=\"elementor-post__read-more\" href=\"https:\/\/oxalia.eu\/es\/2026\/03\/12\/cosmetica-ecologica-profesional-por-que-los-salones-de-belleza-se-pasan-a-lo-ecologico\/\" aria-label=\"M\u00e1s informaci\u00f3n sobre Cosm\u00e9tica ecol\u00f3gica profesional: \u00bfpor qu\u00e9 los salones de belleza se pasan a lo ecol\u00f3gico?\" tabindex=\"-1\" >\n\t\t\tLeer m\u00e1s \"\t\t<\/a>\n\n\t\t\t\t<\/div>\n\t\t\t\t<div class=\"elementor-post__meta-data\">\n\t\t\t\t\t<span class=\"elementor-post-date\">\n\t\t\t12 de marzo de 2026\t\t<\/span>\n\t\t\t\t<\/div>\n\t\t\t\t\t<\/div>\n\t\t<\/article>\n\t\t\t\t<article class=\"elementor-post elementor-grid-item post-10248 post type-post status-publish format-standard has-post-thumbnail hentry category-extra tag-diagnostico-cutaneo tag-ia tag-inteligencia-artificial tag-oxalia entry has-media owp-thumbs-layout-horizontal owp-btn-normal owp-tabs-layout-horizontal has-no-thumbnails has-product-nav\" role=\"listitem\">\n\t\t\t<div class=\"elementor-post__card\">\n\t\t\t\t<a class=\"elementor-post__thumbnail__link\" href=\"https:\/\/oxalia.eu\/es\/2025\/11\/17\/10248\/\" tabindex=\"-1\" ><div class=\"elementor-post__thumbnail\"><img decoding=\"async\" width=\"300\" height=\"169\" src=\"https:\/\/oxalia.eu\/wp-content\/uploads\/2025\/11\/Le-diagnostic-de-peau-Bientot-sur-Oxalia-1-2-300x169.jpg\" class=\"attachment-medium size-medium wp-image-6309\" alt=\"\" srcset=\"https:\/\/oxalia.eu\/wp-content\/uploads\/2025\/11\/Le-diagnostic-de-peau-Bientot-sur-Oxalia-1-2-300x169.jpg 300w, https:\/\/oxalia.eu\/wp-content\/uploads\/2025\/11\/Le-diagnostic-de-peau-Bientot-sur-Oxalia-1-2-1024x576.jpg 1024w, https:\/\/oxalia.eu\/wp-content\/uploads\/2025\/11\/Le-diagnostic-de-peau-Bientot-sur-Oxalia-1-2-768x432.jpg 768w, https:\/\/oxalia.eu\/wp-content\/uploads\/2025\/11\/Le-diagnostic-de-peau-Bientot-sur-Oxalia-1-2-1536x864.jpg 1536w, https:\/\/oxalia.eu\/wp-content\/uploads\/2025\/11\/Le-diagnostic-de-peau-Bientot-sur-Oxalia-1-2-800x450.jpg 800w, https:\/\/oxalia.eu\/wp-content\/uploads\/2025\/11\/Le-diagnostic-de-peau-Bientot-sur-Oxalia-1-2-600x338.jpg 600w, https:\/\/oxalia.eu\/wp-content\/uploads\/2025\/11\/Le-diagnostic-de-peau-Bientot-sur-Oxalia-1-2-150x84.jpg 150w, https:\/\/oxalia.eu\/wp-content\/uploads\/2025\/11\/Le-diagnostic-de-peau-Bientot-sur-Oxalia-1-2-64x36.jpg 64w, https:\/\/oxalia.eu\/wp-content\/uploads\/2025\/11\/Le-diagnostic-de-peau-Bientot-sur-Oxalia-1-2.jpg 1920w\" sizes=\"(max-width: 300px) 100vw, 300px\" \/><\/div><\/a>\n\t\t\t\t<div class=\"elementor-post__badge\">Extra<\/div>\n\t\t\t\t<div class=\"elementor-post__text\">\n\t\t\t\t<h3 class=\"elementor-post__title\">\n\t\t\t<a href=\"https:\/\/oxalia.eu\/es\/2025\/11\/17\/10248\/\" >\n\t\t\t\t\t\t\t<\/a>\n\t\t<\/h3>\n\t\t\t\t<div class=\"elementor-post__excerpt\">\n\t\t\t<p>La belleza de tu piel merece el mejor cuidado, adaptado con precisi\u00f3n a sus necesidades \u00fanicas. Por eso Oxalia se enorgullece de lanzar una gran<\/p>\n\t\t<\/div>\n\t\t\n\t\t<a class=\"elementor-post__read-more\" href=\"https:\/\/oxalia.eu\/es\/2025\/11\/17\/10248\/\" aria-label=\"M\u00e1s informaci\u00f3n sobre \" tabindex=\"-1\" >\n\t\t\tLeer m\u00e1s \"\t\t<\/a>\n\n\t\t\t\t<\/div>\n\t\t\t\t<div class=\"elementor-post__meta-data\">\n\t\t\t\t\t<span class=\"elementor-post-date\">\n\t\t\t17 de noviembre de 2025\t\t<\/span>\n\t\t\t\t<\/div>\n\t\t\t\t\t<\/div>\n\t\t<\/article>\n\t\t\t\t<\/div>\n\t\t\n\t\t\t\t\t\t<\/div>\n\t\t\t\t<\/div>\n\t\t\t\t\t<\/div>\n\t\t\t\t<\/div>\n\t\t\t\t<\/div>\n\t\t","protected":false},"excerpt":{"rendered":"<p>Descubre nuestros art\u00edculos \u00a1Este es el rinc\u00f3n de lectura del sitio! El Mag re\u00fane todos nuestros art\u00edculos: noticias, favoritos, consejos, actualidad&#8230; En Le Mag, exploramos noticias tendencias ideas&nbsp;del&nbsp;momento inspiraci\u00f3n buenas&nbsp;ofertas !<\/p>\n","protected":false},"author":1,"featured_media":0,"parent":0,"menu_order":0,"comment_status":"closed","ping_status":"closed","template":"elementor_header_footer","meta":{"_acf_changed":false,"ocean_post_layout":"","ocean_both_sidebars_style":"","ocean_both_sidebars_content_width":0,"ocean_both_sidebars_sidebars_width":0,"ocean_sidebar":"","ocean_second_sidebar":"","ocean_disable_margins":"enable","ocean_add_body_class":"","ocean_shortcode_before_top_bar":"","ocean_shortcode_after_top_bar":"","ocean_shortcode_before_header":"","ocean_shortcode_after_header":"","ocean_has_shortcode":"","ocean_shortcode_after_title":"","ocean_shortcode_before_footer_widgets":"","ocean_shortcode_after_footer_widgets":"","ocean_shortcode_before_footer_bottom":"","ocean_shortcode_after_footer_bottom":"","ocean_display_top_bar":"default","ocean_display_header":"default","ocean_header_style":"","ocean_center_header_left_menu":"","ocean_custom_header_template":"","ocean_custom_logo":0,"ocean_custom_retina_logo":0,"ocean_custom_logo_max_width":0,"ocean_custom_logo_tablet_max_width":0,"ocean_custom_logo_mobile_max_width":0,"ocean_custom_logo_max_height":0,"ocean_custom_logo_tablet_max_height":0,"ocean_custom_logo_mobile_max_height":0,"ocean_header_custom_menu":"","ocean_menu_typo_font_family":"","ocean_menu_typo_font_subset":"","ocean_menu_typo_font_size":0,"ocean_menu_typo_font_size_tablet":0,"ocean_menu_typo_font_size_mobile":0,"ocean_menu_typo_font_size_unit":"px","ocean_menu_typo_font_weight":"","ocean_menu_typo_font_weight_tablet":"","ocean_menu_typo_font_weight_mobile":"","ocean_menu_typo_transform":"","ocean_menu_typo_transform_tablet":"","ocean_menu_typo_transform_mobile":"","ocean_menu_typo_line_height":0,"ocean_menu_typo_line_height_tablet":0,"ocean_menu_typo_line_height_mobile":0,"ocean_menu_typo_line_height_unit":"","ocean_menu_typo_spacing":0,"ocean_menu_typo_spacing_tablet":0,"ocean_menu_typo_spacing_mobile":0,"ocean_menu_typo_spacing_unit":"","ocean_menu_link_color":"","ocean_menu_link_color_hover":"","ocean_menu_link_color_active":"","ocean_menu_link_background":"","ocean_menu_link_hover_background":"","ocean_menu_link_active_background":"","ocean_menu_social_links_bg":"","ocean_menu_social_hover_links_bg":"","ocean_menu_social_links_color":"","ocean_menu_social_hover_links_color":"","ocean_disable_title":"default","ocean_disable_heading":"default","ocean_post_title":"","ocean_post_subheading":"","ocean_post_title_style":"","ocean_post_title_background_color":"","ocean_post_title_background":0,"ocean_post_title_bg_image_position":"","ocean_post_title_bg_image_attachment":"","ocean_post_title_bg_image_repeat":"","ocean_post_title_bg_image_size":"","ocean_post_title_height":0,"ocean_post_title_bg_overlay":0.5,"ocean_post_title_bg_overlay_color":"","ocean_disable_breadcrumbs":"default","ocean_breadcrumbs_color":"","ocean_breadcrumbs_separator_color":"","ocean_breadcrumbs_links_color":"","ocean_breadcrumbs_links_hover_color":"","ocean_display_footer_widgets":"default","ocean_display_footer_bottom":"default","ocean_custom_footer_template":"","footnotes":""},"class_list":["post-10142","page","type-page","status-publish","hentry","entry","has-media","owp-thumbs-layout-horizontal","owp-btn-normal","owp-tabs-layout-horizontal","has-no-thumbnails","has-product-nav"],"acf":[],"yoast_head":"<!-- This site is optimized with the Yoast SEO plugin v27.4 - https:\/\/yoast.com\/product\/yoast-seo-wordpress\/ -->\n<title>- Cuidado equilibrante para pieles mixtas a grasas<\/title>\n<meta name=\"description\" content=\"Tratamiento de instituto purificante: gua sha de aventurina, exfoliante de c\u00e1scara de avellana, mascarilla de arcilla verde. Piel limpia, mate y sin imperfecciones.\" \/>\n<meta name=\"robots\" content=\"index, follow, max-snippet:-1, max-image-preview:large, max-video-preview:-1\" \/>\n<link rel=\"canonical\" href=\"https:\/\/oxalia.eu\/es\/10142-2\/\" \/>\n<meta property=\"og:locale\" content=\"es_ES\" \/>\n<meta property=\"og:type\" content=\"article\" \/>\n<meta property=\"og:title\" content=\"- Cuidado equilibrante para pieles mixtas a grasas\" \/>\n<meta property=\"og:description\" content=\"Tratamiento de instituto purificante: gua sha de aventurina, exfoliante de c\u00e1scara de avellana, mascarilla de arcilla verde. Piel limpia, mate y sin imperfecciones.\" \/>\n<meta property=\"og:url\" content=\"https:\/\/oxalia.eu\/es\/10142-2\/\" \/>\n<meta property=\"og:site_name\" content=\"Oxalia\" \/>\n<meta property=\"article:publisher\" content=\"https:\/\/www.facebook.com\/oxaliaofficiel\" \/>\n<meta property=\"article:modified_time\" content=\"2026-04-17T09:43:05+00:00\" \/>\n<meta name=\"twitter:card\" content=\"summary_large_image\" \/>\n<script type=\"application\/ld+json\" class=\"yoast-schema-graph\">{\"@context\":\"https:\\\/\\\/schema.org\",\"@graph\":[{\"@type\":\"WebPage\",\"@id\":\"https:\\\/\\\/oxalia.eu\\\/es\\\/10142-2\\\/\",\"url\":\"https:\\\/\\\/oxalia.eu\\\/es\\\/10142-2\\\/\",\"name\":\"- Cuidado equilibrante para pieles mixtas a grasas\",\"isPartOf\":{\"@id\":\"https:\\\/\\\/oxalia.eu\\\/#website\"},\"datePublished\":\"2025-05-23T06:54:23+00:00\",\"dateModified\":\"2026-04-17T09:43:05+00:00\",\"description\":\"Tratamiento de instituto purificante: gua sha de aventurina, exfoliante de c\u00e1scara de avellana, mascarilla de arcilla verde. Piel limpia, mate y sin imperfecciones.\",\"inLanguage\":\"es\",\"potentialAction\":[{\"@type\":\"ReadAction\",\"target\":[\"https:\\\/\\\/oxalia.eu\\\/es\\\/10142-2\\\/\"]}]},{\"@type\":\"WebSite\",\"@id\":\"https:\\\/\\\/oxalia.eu\\\/#website\",\"url\":\"https:\\\/\\\/oxalia.eu\\\/\",\"name\":\"Oxalia\",\"description\":\"Cosm\u00e9tiques professionnels, biologiques, naturels et fabriqu\u00e9s en France\",\"publisher\":{\"@id\":\"https:\\\/\\\/oxalia.eu\\\/#organization\"},\"potentialAction\":[{\"@type\":\"SearchAction\",\"target\":{\"@type\":\"EntryPoint\",\"urlTemplate\":\"https:\\\/\\\/oxalia.eu\\\/?s={search_term_string}\"},\"query-input\":{\"@type\":\"PropertyValueSpecification\",\"valueRequired\":true,\"valueName\":\"search_term_string\"}}],\"inLanguage\":\"es\"},{\"@type\":\"Organization\",\"@id\":\"https:\\\/\\\/oxalia.eu\\\/#organization\",\"name\":\"Oxalia\",\"url\":\"https:\\\/\\\/oxalia.eu\\\/\",\"logo\":{\"@type\":\"ImageObject\",\"inLanguage\":\"es\",\"@id\":\"https:\\\/\\\/oxalia.eu\\\/#\\\/schema\\\/logo\\\/image\\\/\",\"url\":\"https:\\\/\\\/oxalia.eu\\\/wp-content\\\/uploads\\\/2025\\\/04\\\/cropped-logo-oxalia-gris.webp\",\"contentUrl\":\"https:\\\/\\\/oxalia.eu\\\/wp-content\\\/uploads\\\/2025\\\/04\\\/cropped-logo-oxalia-gris.webp\",\"width\":241,\"height\":76,\"caption\":\"Oxalia\"},\"image\":{\"@id\":\"https:\\\/\\\/oxalia.eu\\\/#\\\/schema\\\/logo\\\/image\\\/\"},\"sameAs\":[\"https:\\\/\\\/www.facebook.com\\\/oxaliaofficiel\",\"https:\\\/\\\/www.instagram.com\\\/oxalia.officiel\\\/\"]}]}<\/script>\n<!-- \/ Yoast SEO plugin. -->","yoast_head_json":{"title":"- Cuidado equilibrante para pieles mixtas a grasas","description":"Tratamiento de instituto purificante: gua sha de aventurina, exfoliante de c\u00e1scara de avellana, mascarilla de arcilla verde. Piel limpia, mate y sin imperfecciones.","robots":{"index":"index","follow":"follow","max-snippet":"max-snippet:-1","max-image-preview":"max-image-preview:large","max-video-preview":"max-video-preview:-1"},"canonical":"https:\/\/oxalia.eu\/es\/10142-2\/","og_locale":"es_ES","og_type":"article","og_title":"- Cuidado equilibrante para pieles mixtas a grasas","og_description":"Tratamiento de instituto purificante: gua sha de aventurina, exfoliante de c\u00e1scara de avellana, mascarilla de arcilla verde. Piel limpia, mate y sin imperfecciones.","og_url":"https:\/\/oxalia.eu\/es\/10142-2\/","og_site_name":"Oxalia","article_publisher":"https:\/\/www.facebook.com\/oxaliaofficiel","article_modified_time":"2026-04-17T09:43:05+00:00","twitter_card":"summary_large_image","schema":{"@context":"https:\/\/schema.org","@graph":[{"@type":"WebPage","@id":"https:\/\/oxalia.eu\/es\/10142-2\/","url":"https:\/\/oxalia.eu\/es\/10142-2\/","name":"- Cuidado equilibrante para pieles mixtas a grasas","isPartOf":{"@id":"https:\/\/oxalia.eu\/#website"},"datePublished":"2025-05-23T06:54:23+00:00","dateModified":"2026-04-17T09:43:05+00:00","description":"Tratamiento de instituto purificante: gua sha de aventurina, exfoliante de c\u00e1scara de avellana, mascarilla de arcilla verde. Piel limpia, mate y sin imperfecciones.","inLanguage":"es","potentialAction":[{"@type":"ReadAction","target":["https:\/\/oxalia.eu\/es\/10142-2\/"]}]},{"@type":"WebSite","@id":"https:\/\/oxalia.eu\/#website","url":"https:\/\/oxalia.eu\/","name":"Oxalia","description":"Cosm\u00e9tiques professionnels, biologiques, naturels et fabriqu\u00e9s en France","publisher":{"@id":"https:\/\/oxalia.eu\/#organization"},"potentialAction":[{"@type":"SearchAction","target":{"@type":"EntryPoint","urlTemplate":"https:\/\/oxalia.eu\/?s={search_term_string}"},"query-input":{"@type":"PropertyValueSpecification","valueRequired":true,"valueName":"search_term_string"}}],"inLanguage":"es"},{"@type":"Organization","@id":"https:\/\/oxalia.eu\/#organization","name":"Oxalia","url":"https:\/\/oxalia.eu\/","logo":{"@type":"ImageObject","inLanguage":"es","@id":"https:\/\/oxalia.eu\/#\/schema\/logo\/image\/","url":"https:\/\/oxalia.eu\/wp-content\/uploads\/2025\/04\/cropped-logo-oxalia-gris.webp","contentUrl":"https:\/\/oxalia.eu\/wp-content\/uploads\/2025\/04\/cropped-logo-oxalia-gris.webp","width":241,"height":76,"caption":"Oxalia"},"image":{"@id":"https:\/\/oxalia.eu\/#\/schema\/logo\/image\/"},"sameAs":["https:\/\/www.facebook.com\/oxaliaofficiel","https:\/\/www.instagram.com\/oxalia.officiel\/"]}]}},"jetpack_sharing_enabled":true,"_links":{"self":[{"href":"https:\/\/oxalia.eu\/es\/wp-json\/wp\/v2\/pages\/10142","targetHints":{"allow":["GET"]}}],"collection":[{"href":"https:\/\/oxalia.eu\/es\/wp-json\/wp\/v2\/pages"}],"about":[{"href":"https:\/\/oxalia.eu\/es\/wp-json\/wp\/v2\/types\/page"}],"author":[{"embeddable":true,"href":"https:\/\/oxalia.eu\/es\/wp-json\/wp\/v2\/users\/1"}],"replies":[{"embeddable":true,"href":"https:\/\/oxalia.eu\/es\/wp-json\/wp\/v2\/comments?post=10142"}],"version-history":[{"count":0,"href":"https:\/\/oxalia.eu\/es\/wp-json\/wp\/v2\/pages\/10142\/revisions"}],"wp:attachment":[{"href":"https:\/\/oxalia.eu\/es\/wp-json\/wp\/v2\/media?parent=10142"}],"curies":[{"name":"wp","href":"https:\/\/api.w.org\/{rel}","templated":true}]}}