{"id":9687,"date":"2026-04-08T09:14:07","date_gmt":"2026-04-08T07:14:07","guid":{"rendered":"https:\/\/oxalia.eu\/?post_type=product&#038;p=9687"},"modified":"2026-04-14T14:13:03","modified_gmt":"2026-04-14T12:13:03","slug":"offre-moorea-revente-1-ead","status":"publish","type":"product","link":"https:\/\/oxalia.eu\/en\/product\/offre-moorea-revente-1-ead\/","title":{"rendered":"Offre MOOREA &#8211; Revente 1 (EAD)"},"content":{"rendered":"\t\t<div data-elementor-type=\"product-post\" data-elementor-id=\"9687\" class=\"elementor elementor-9687\" data-elementor-post-type=\"product\">\n\t\t\t\t<div class=\"elementor-element elementor-element-3d7c967 e-flex e-con-boxed e-con e-parent\" data-id=\"3d7c967\" data-element_type=\"container\" data-e-type=\"container\">\n\t\t\t\t\t<div class=\"e-con-inner\">\n\t\t\t\t<div class=\"elementor-element elementor-element-48df66da elementor-widget elementor-widget-text-editor\" data-id=\"48df66da\" data-element_type=\"widget\" data-e-type=\"widget\" data-widget_type=\"text-editor.default\">\n\t\t\t\t<div class=\"elementor-widget-container\">\n\t\t\t\t\t\t\t\t\t<h2><strong>Pack recommand\u00e9 pour les EAD<\/strong><\/h2><p>V\u00e9ritable voyage au c\u0153ur des lagons turquoises de Bora Bora et des plages sauvages de Moorea, ce parfum capture l\u2019essence ensoleill\u00e9e de la Polyn\u00e9sie. Ses notes fruit\u00e9es aux accents exotiques ouvrent la voie \u00e0 un c\u0153ur lumineux de fleurs solaires (tiar\u00e9, ylang-ylang, gard\u00e9nia), composant un bouquet chaud et envo\u00fbtant. En fond la vanille des \u00eeles, douce et sensuelle, prolonge cette \u00e9vasion sensorielle comme un voile sucr\u00e9 sur la peau dor\u00e9e. Un parfum solaire et exotique, \u00e0 porter comme une seconde peau d\u2019\u00e9t\u00e9.<\/p>\t\t\t\t\t\t\t\t<\/div>\n\t\t\t\t<\/div>\n\t\t\t\t<div class=\"elementor-element elementor-element-64687ae6 elementor-widget elementor-widget-heading\" data-id=\"64687ae6\" data-element_type=\"widget\" data-e-type=\"widget\" data-widget_type=\"heading.default\">\n\t\t\t\t<div class=\"elementor-widget-container\">\n\t\t\t\t\t<h2 class=\"elementor-heading-title elementor-size-default\">Produits format revente<\/h2>\t\t\t\t<\/div>\n\t\t\t\t<\/div>\n\t\t\t\t<div class=\"elementor-element elementor-element-6a4a95ef elementor-invisible elementor-widget elementor-widget-text-editor\" data-id=\"6a4a95ef\" data-element_type=\"widget\" data-e-type=\"widget\" data-settings=\"{&quot;_animation&quot;:&quot;fadeInRight&quot;}\" data-widget_type=\"text-editor.default\">\n\t\t\t\t<div class=\"elementor-widget-container\">\n\t\t\t\t\t\t\t\t\t<table style=\"width: 100%; border-collapse: collapse; font-family: inherit; font-size: 14px;\"><thead><tr><th style=\"text-align: left; padding-bottom: 6px; font-weight: bold;\">Produit<\/th><th style=\"text-align: center; padding-bottom: 6px; font-weight: bold;\">Contenance<\/th><th style=\"text-align: center; padding-bottom: 6px; font-weight: bold;\">Prix unitaire<\/th><th style=\"text-align: center; padding-bottom: 6px; font-weight: bold;\">Quantit\u00e9<\/th><\/tr><\/thead><tbody><tr><td><a href=\"https:\/\/oxalia.eu\/produit\/pulpe-de-soleil\/\"><span style=\"color: #7a7a7a;\">Pulpe de Soleil<\/span><\/a><br \/><a href=\"https:\/\/oxalia.eu\/produit\/pulpe-de-soleil\/\"><em style=\"color: #b3b3b3;\"> (gommage corps \u00e0 la pulpe de coco)<\/em><\/a><\/td><td style=\"text-align: center;\">150 ml<\/td><td style=\"text-align: center;\">17,95 \u20ac<\/td><td style=\"text-align: center;\">x2<\/td><\/tr><tr><td><a href=\"https:\/\/oxalia.eu\/produit\/voile-de-tiare\/\"><span style=\"color: #7a7a7a;\">Voile de Tiar\u00e9<\/span><\/a><br \/><a href=\"https:\/\/oxalia.eu\/produit\/voile-de-tiare\/\"><em style=\"color: #b3b3b3;\"> (spray lact\u00e9 apr\u00e8s-soleil)<\/em><\/a><\/td><td style=\"text-align: center;\">150 ml<\/td><td style=\"text-align: center;\">14,45 \u20ac<\/td><td style=\"text-align: center;\">x2<\/td><\/tr><tr><td><a href=\"https:\/\/oxalia.eu\/produit\/precieuse-du-pacifique\/\"><span style=\"color: #7a7a7a;\">Pr\u00e9cieuse du Pacifique<\/span><\/a><br \/><a href=\"https:\/\/oxalia.eu\/produit\/precieuse-du-pacifique\/\"><em style=\"color: #b3b3b3;\"> (huile illuminatrice)<\/em><\/a><\/td><td style=\"text-align: center;\">50 ml<\/td><td style=\"text-align: center;\">10,95 \u20ac<\/td><td style=\"text-align: center;\">x1<\/td><\/tr><tr><td><a href=\"https:\/\/oxalia.eu\/produit\/or-de-tahiti\/\"><span style=\"color: #7a7a7a;\">Or de Tahiti<\/span><\/a><br \/><a href=\"https:\/\/oxalia.eu\/produit\/or-de-tahiti\/\"><em style=\"color: #b3b3b3;\"> (huile paillet\u00e9e corps &amp; cheveux)<\/em><\/a><\/td><td style=\"text-align: center;\">50 ml<\/td><td style=\"text-align: center;\">14,45 \u20ac<\/td><td style=\"text-align: center;\">x1<\/td><\/tr><tr><td><a href=\"https:\/\/oxalia.eu\/produit\/pulpe-de-soleil\/\"><span style=\"color: #7a7a7a;\">Echantillon &#8211; Pulpe de Soleil<\/span><\/a><br \/><a href=\"https:\/\/oxalia.eu\/produit\/pulpe-de-soleil\/\"><em style=\"color: #b3b3b3;\"> (gommage corps \u00e0 la pulpe de coco)<\/em><\/a><\/td><td style=\"text-align: center;\">5 ml<\/td><td style=\"text-align: center; color: #0a8f3c; font-weight: bold;\">Offerts<\/td><td style=\"text-align: center;\">x10<\/td><\/tr><tr><td><a href=\"https:\/\/oxalia.eu\/produit\/voile-de-tiare\/\"><span style=\"color: #7a7a7a;\">Echantillon &#8211; Voile de Tiar\u00e9<\/span><\/a><br \/><a href=\"https:\/\/oxalia.eu\/produit\/voile-de-tiare\/\"><em style=\"color: #b3b3b3;\"> (spray lact\u00e9 apr\u00e8s-soleil)<\/em><\/a><\/td><td style=\"text-align: center;\">5 ml<\/td><td style=\"text-align: center; color: #0a8f3c; font-weight: bold;\">Offerts<\/td><td style=\"text-align: center;\">x10<\/td><\/tr><\/tbody><\/table>\t\t\t\t\t\t\t\t<\/div>\n\t\t\t\t<\/div>\n\t\t\t\t<div class=\"elementor-element elementor-element-657ee856 elementor-widget elementor-widget-heading\" data-id=\"657ee856\" data-element_type=\"widget\" data-e-type=\"widget\" data-widget_type=\"heading.default\">\n\t\t\t\t<div class=\"elementor-widget-container\">\n\t\t\t\t\t<h2 class=\"elementor-heading-title elementor-size-default\">Outils professionnels &amp; PLV <\/h2>\t\t\t\t<\/div>\n\t\t\t\t<\/div>\n\t\t\t\t<div class=\"elementor-element elementor-element-464bec0 elementor-invisible elementor-widget elementor-widget-text-editor\" data-id=\"464bec0\" data-element_type=\"widget\" data-e-type=\"widget\" data-settings=\"{&quot;_animation&quot;:&quot;fadeInRight&quot;}\" data-widget_type=\"text-editor.default\">\n\t\t\t\t<div class=\"elementor-widget-container\">\n\t\t\t\t\t\t\t\t\t<table style=\"width: 100%; border-collapse: collapse; font-family: inherit; font-size: 14px;\">\n<thead>\n<tr>\n<th style=\"text-align: left; padding-bottom: 6px; font-weight: bold;\">Produit<\/th>\n<th style=\"text-align: center; padding-bottom: 6px; font-weight: bold;\">Prix unitaire<\/th>\n<th style=\"text-align: center; padding-bottom: 6px; font-weight: bold;\">Quantit\u00e9<\/th>\n<\/tr>\n<\/thead>\n<tbody>\n<tr>\n<td><span style=\"color: #7a7a7a;\">Argumentaire &#8211; Moorea 2026<\/span><\/td>\n<td style=\"text-align: center;color: #0a8f3c; font-weight: bold;\">Offerts<\/td>\n<td style=\"text-align: center;\">x1<\/td>\n<\/tr>\n<tr>\n<td><span style=\"color: #7a7a7a;\">Chevalet de comptoir<\/span>\n<em style=\"color: #b3b3b3;\"> (produits)<\/em><\/td>\n<td style=\"text-align: center;\">2,20 \u20ac<\/td>\n<td style=\"text-align: center;\">x1<\/td>\n<\/tr>\n<tr>\n<td><span style=\"color: #7a7a7a;\">Pack de visuels digitaux<\/span><\/td>\n<td style=\"text-align: center;\">9,90 \u20ac<\/td>\n<td style=\"text-align: center;\">x1<\/td>\n<\/tr>\n<\/tbody>\n<\/table>\t\t\t\t\t\t\t\t<\/div>\n\t\t\t\t<\/div>\n\t\t\t\t\t<\/div>\n\t\t\t\t<\/div>\n\t\t<div class=\"elementor-element elementor-element-3820353b e-con-full e-flex e-con e-child\" data-id=\"3820353b\" data-element_type=\"container\" data-e-type=\"container\">\n\t\t<div class=\"elementor-element elementor-element-71d2fdcc e-con-full e-flex e-con e-child\" data-id=\"71d2fdcc\" data-element_type=\"container\" data-e-type=\"container\">\n\t\t\t\t<div class=\"elementor-element elementor-element-3a21308 elementor-widget elementor-widget-image\" data-id=\"3a21308\" data-element_type=\"widget\" data-e-type=\"widget\" data-widget_type=\"image.default\">\n\t\t\t\t<div class=\"elementor-widget-container\">\n\t\t\t\t\t\t\t\t\t\t\t\t\t\t\t<img fetchpriority=\"high\" decoding=\"async\" width=\"1024\" height=\"978\" src=\"https:\/\/oxalia.eu\/wp-content\/uploads\/2025\/05\/certifie-bio-logo-cosmos-1024x978.webp\" class=\"attachment-large size-large wp-image-1815\" alt=\"\" srcset=\"https:\/\/oxalia.eu\/wp-content\/uploads\/2025\/05\/certifie-bio-logo-cosmos-1024x978.webp 1024w, https:\/\/oxalia.eu\/wp-content\/uploads\/2025\/05\/certifie-bio-logo-cosmos-300x287.webp 300w, https:\/\/oxalia.eu\/wp-content\/uploads\/2025\/05\/certifie-bio-logo-cosmos-768x734.webp 768w, https:\/\/oxalia.eu\/wp-content\/uploads\/2025\/05\/certifie-bio-logo-cosmos-600x573.webp 600w, https:\/\/oxalia.eu\/wp-content\/uploads\/2025\/05\/certifie-bio-logo-cosmos-64x61.webp 64w, https:\/\/oxalia.eu\/wp-content\/uploads\/2025\/05\/certifie-bio-logo-cosmos.webp 1412w\" sizes=\"(max-width: 1024px) 100vw, 1024px\" \/>\t\t\t\t\t\t\t\t\t\t\t\t\t\t\t<\/div>\n\t\t\t\t<\/div>\n\t\t\t\t<div class=\"elementor-element elementor-element-1fe0232d elementor-widget elementor-widget-text-editor\" data-id=\"1fe0232d\" data-element_type=\"widget\" data-e-type=\"widget\" data-widget_type=\"text-editor.default\">\n\t\t\t\t<div class=\"elementor-widget-container\">\n\t\t\t\t\t\t\t\t\t<p style=\"text-align: center;\"><span style=\"color: #808080;\"><strong>Certifi\u00e9 biologique<\/strong><\/span><\/p>\t\t\t\t\t\t\t\t<\/div>\n\t\t\t\t<\/div>\n\t\t\t\t<\/div>\n\t\t<div class=\"elementor-element elementor-element-2e7f4ceb e-con-full e-flex e-con e-child\" data-id=\"2e7f4ceb\" data-element_type=\"container\" data-e-type=\"container\">\n\t\t\t\t<div class=\"elementor-element elementor-element-11e571f3 elementor-widget elementor-widget-image\" data-id=\"11e571f3\" data-element_type=\"widget\" data-e-type=\"widget\" data-widget_type=\"image.default\">\n\t\t\t\t<div class=\"elementor-widget-container\">\n\t\t\t\t\t\t\t\t\t\t\t\t\t\t\t\t<a href=\"\/notre-philosophie\/\">\n\t\t\t\t\t\t\t<img decoding=\"async\" width=\"1024\" height=\"1024\" src=\"https:\/\/oxalia.eu\/wp-content\/uploads\/2025\/05\/fabrication-france-oxalia-1024x1024.webp\" class=\"attachment-large size-large wp-image-1818\" alt=\"\" srcset=\"https:\/\/oxalia.eu\/wp-content\/uploads\/2025\/05\/fabrication-france-oxalia-1024x1024.webp 1024w, https:\/\/oxalia.eu\/wp-content\/uploads\/2025\/05\/fabrication-france-oxalia-300x300.webp 300w, https:\/\/oxalia.eu\/wp-content\/uploads\/2025\/05\/fabrication-france-oxalia-150x150.webp 150w, https:\/\/oxalia.eu\/wp-content\/uploads\/2025\/05\/fabrication-france-oxalia-768x768.webp 768w, https:\/\/oxalia.eu\/wp-content\/uploads\/2025\/05\/fabrication-france-oxalia-600x600.webp 600w, https:\/\/oxalia.eu\/wp-content\/uploads\/2025\/05\/fabrication-france-oxalia-100x100.webp 100w, https:\/\/oxalia.eu\/wp-content\/uploads\/2025\/05\/fabrication-france-oxalia-64x64.webp 64w, https:\/\/oxalia.eu\/wp-content\/uploads\/2025\/05\/fabrication-france-oxalia.webp 1458w\" sizes=\"(max-width: 1024px) 100vw, 1024px\" \/>\t\t\t\t\t\t\t\t<\/a>\n\t\t\t\t\t\t\t\t\t\t\t\t\t\t\t<\/div>\n\t\t\t\t<\/div>\n\t\t\t\t<div class=\"elementor-element elementor-element-67bb555a elementor-widget elementor-widget-text-editor\" data-id=\"67bb555a\" data-element_type=\"widget\" data-e-type=\"widget\" data-widget_type=\"text-editor.default\">\n\t\t\t\t<div class=\"elementor-widget-container\">\n\t\t\t\t\t\t\t\t\t<p style=\"text-align: center;\"><span style=\"color: #808080;\"><a style=\"color: #808080;\" href=\"\/notre-philosophie\/\"><strong>Fabriqu\u00e9 en France<\/strong><\/a><\/span><\/p>\t\t\t\t\t\t\t\t<\/div>\n\t\t\t\t<\/div>\n\t\t\t\t<\/div>\n\t\t\t\t<\/div>\n\t\t\t\t<\/div>\n\t\t","protected":false},"excerpt":{"rendered":"<p>Gommage \/ Huiles \/ Spray<\/p>\n","protected":false},"featured_media":9825,"comment_status":"open","ping_status":"closed","template":"","meta":{"_acf_changed":false,"ocean_post_layout":"","ocean_both_sidebars_style":"","ocean_both_sidebars_content_width":0,"ocean_both_sidebars_sidebars_width":0,"ocean_sidebar":"0","ocean_second_sidebar":"0","ocean_disable_margins":"enable","ocean_add_body_class":"","ocean_shortcode_before_top_bar":"","ocean_shortcode_after_top_bar":"","ocean_shortcode_before_header":"","ocean_shortcode_after_header":"","ocean_has_shortcode":"","ocean_shortcode_after_title":"","ocean_shortcode_before_footer_widgets":"","ocean_shortcode_after_footer_widgets":"","ocean_shortcode_before_footer_bottom":"","ocean_shortcode_after_footer_bottom":"","ocean_display_top_bar":"default","ocean_display_header":"default","ocean_header_style":"","ocean_center_header_left_menu":"0","ocean_custom_header_template":"0","ocean_custom_logo":0,"ocean_custom_retina_logo":0,"ocean_custom_logo_max_width":0,"ocean_custom_logo_tablet_max_width":0,"ocean_custom_logo_mobile_max_width":0,"ocean_custom_logo_max_height":0,"ocean_custom_logo_tablet_max_height":0,"ocean_custom_logo_mobile_max_height":0,"ocean_header_custom_menu":"0","ocean_menu_typo_font_family":"0","ocean_menu_typo_font_subset":"","ocean_menu_typo_font_size":0,"ocean_menu_typo_font_size_tablet":0,"ocean_menu_typo_font_size_mobile":0,"ocean_menu_typo_font_size_unit":"px","ocean_menu_typo_font_weight":"","ocean_menu_typo_font_weight_tablet":"","ocean_menu_typo_font_weight_mobile":"","ocean_menu_typo_transform":"","ocean_menu_typo_transform_tablet":"","ocean_menu_typo_transform_mobile":"","ocean_menu_typo_line_height":0,"ocean_menu_typo_line_height_tablet":0,"ocean_menu_typo_line_height_mobile":0,"ocean_menu_typo_line_height_unit":"","ocean_menu_typo_spacing":0,"ocean_menu_typo_spacing_tablet":0,"ocean_menu_typo_spacing_mobile":0,"ocean_menu_typo_spacing_unit":"","ocean_menu_link_color":"","ocean_menu_link_color_hover":"","ocean_menu_link_color_active":"","ocean_menu_link_background":"","ocean_menu_link_hover_background":"","ocean_menu_link_active_background":"","ocean_menu_social_links_bg":"","ocean_menu_social_hover_links_bg":"","ocean_menu_social_links_color":"","ocean_menu_social_hover_links_color":"","ocean_disable_title":"default","ocean_disable_heading":"default","ocean_post_title":"","ocean_post_subheading":"","ocean_post_title_style":"","ocean_post_title_background_color":"","ocean_post_title_background":0,"ocean_post_title_bg_image_position":"","ocean_post_title_bg_image_attachment":"","ocean_post_title_bg_image_repeat":"","ocean_post_title_bg_image_size":"","ocean_post_title_height":0,"ocean_post_title_bg_overlay":0.5,"ocean_post_title_bg_overlay_color":"","ocean_disable_breadcrumbs":"default","ocean_breadcrumbs_color":"","ocean_breadcrumbs_separator_color":"","ocean_breadcrumbs_links_color":"","ocean_breadcrumbs_links_hover_color":"","ocean_display_footer_widgets":"default","ocean_display_footer_bottom":"default","ocean_custom_footer_template":"0"},"product_brand":[],"product_cat":[33,38,37,36,103],"product_tag":[],"class_list":{"0":"post-9687","1":"product","2":"type-product","3":"status-publish","4":"has-post-thumbnail","6":"product_cat-nos-univers-corps","7":"product_cat-offres","8":"product_cat-produits","9":"product_cat-soins","10":"product_cat-soins-corps","12":"entry","13":"has-media","15":"first","16":"instock","17":"sale","18":"downloadable","19":"taxable","20":"shipping-taxable","21":"product-type-simple","22":"has-product-nav","23":"col","24":"span_1_of_4","25":"owp-content-center","26":"owp-thumbs-layout-horizontal","27":"owp-btn-normal","28":"owp-tabs-layout-horizontal"},"acf":[],"yoast_head":"<!-- This site is optimized with the Yoast SEO plugin v27.3 - https:\/\/yoast.com\/product\/yoast-seo-wordpress\/ -->\n<title>Offre MOOREA - Revente 1 \u2013 Coffret Corps &amp; Cheveux | Oxalia<\/title>\n<meta name=\"description\" content=\"Coffret solaire aux senteurs de tiar\u00e9 : gommage coco, spray apr\u00e8s-soleil, huiles illuminatrice et paillet\u00e9e. Un rituel complet pour sublimer et nourrir.\" \/>\n<meta name=\"robots\" content=\"index, follow, max-snippet:-1, max-image-preview:large, max-video-preview:-1\" \/>\n<link rel=\"canonical\" href=\"https:\/\/oxalia.eu\/produit\/offre-moorea-revente-1-ead\/\" \/>\n<meta property=\"og:locale\" content=\"en_US\" \/>\n<meta property=\"og:type\" content=\"article\" \/>\n<meta property=\"og:title\" content=\"Offre MOOREA - Revente 1 \u2013 Coffret Corps &amp; Cheveux | Oxalia\" \/>\n<meta property=\"og:description\" content=\"Coffret solaire aux senteurs de tiar\u00e9 : gommage coco, spray apr\u00e8s-soleil, huiles illuminatrice et paillet\u00e9e. Un rituel complet pour sublimer et nourrir.\" \/>\n<meta property=\"og:url\" content=\"https:\/\/oxalia.eu\/produit\/offre-moorea-revente-1-ead\/\" \/>\n<meta property=\"og:site_name\" content=\"Oxalia\" \/>\n<meta property=\"article:publisher\" content=\"https:\/\/www.facebook.com\/oxaliaofficiel\" \/>\n<meta property=\"article:modified_time\" content=\"2026-04-14T12:13:03+00:00\" \/>\n<meta property=\"og:image\" content=\"https:\/\/oxalia.eu\/wp-content\/uploads\/2026\/04\/produits-revente1-moorea.webp\" \/>\n\t<meta property=\"og:image:width\" content=\"850\" \/>\n\t<meta property=\"og:image:height\" content=\"1000\" \/>\n\t<meta property=\"og:image:type\" content=\"image\/webp\" \/>\n<meta name=\"twitter:card\" content=\"summary_large_image\" \/>\n<meta name=\"twitter:label1\" content=\"Est. reading time\" \/>\n\t<meta name=\"twitter:data1\" content=\"2 minutes\" \/>\n<script type=\"application\/ld+json\" class=\"yoast-schema-graph\">{\"@context\":\"https:\\\/\\\/schema.org\",\"@graph\":[{\"@type\":\"WebPage\",\"@id\":\"https:\\\/\\\/oxalia.eu\\\/produit\\\/offre-moorea-revente-1-ead\\\/\",\"url\":\"https:\\\/\\\/oxalia.eu\\\/produit\\\/offre-moorea-revente-1-ead\\\/\",\"name\":\"Offre MOOREA - Revente 1 \u2013 Coffret Corps & Cheveux | Oxalia\",\"isPartOf\":{\"@id\":\"https:\\\/\\\/oxalia.eu\\\/#website\"},\"primaryImageOfPage\":{\"@id\":\"https:\\\/\\\/oxalia.eu\\\/produit\\\/offre-moorea-revente-1-ead\\\/#primaryimage\"},\"image\":{\"@id\":\"https:\\\/\\\/oxalia.eu\\\/produit\\\/offre-moorea-revente-1-ead\\\/#primaryimage\"},\"thumbnailUrl\":\"https:\\\/\\\/oxalia.eu\\\/wp-content\\\/uploads\\\/2026\\\/04\\\/produits-revente1-moorea.webp\",\"datePublished\":\"2026-04-08T07:14:07+00:00\",\"dateModified\":\"2026-04-14T12:13:03+00:00\",\"description\":\"Coffret solaire aux senteurs de tiar\u00e9 : gommage coco, spray apr\u00e8s-soleil, huiles illuminatrice et paillet\u00e9e. Un rituel complet pour sublimer et nourrir.\",\"breadcrumb\":{\"@id\":\"https:\\\/\\\/oxalia.eu\\\/produit\\\/offre-moorea-revente-1-ead\\\/#breadcrumb\"},\"inLanguage\":\"en-US\",\"potentialAction\":[{\"@type\":\"ReadAction\",\"target\":[\"https:\\\/\\\/oxalia.eu\\\/produit\\\/offre-moorea-revente-1-ead\\\/\"]}]},{\"@type\":\"ImageObject\",\"inLanguage\":\"en-US\",\"@id\":\"https:\\\/\\\/oxalia.eu\\\/produit\\\/offre-moorea-revente-1-ead\\\/#primaryimage\",\"url\":\"https:\\\/\\\/oxalia.eu\\\/wp-content\\\/uploads\\\/2026\\\/04\\\/produits-revente1-moorea.webp\",\"contentUrl\":\"https:\\\/\\\/oxalia.eu\\\/wp-content\\\/uploads\\\/2026\\\/04\\\/produits-revente1-moorea.webp\",\"width\":850,\"height\":1000},{\"@type\":\"BreadcrumbList\",\"@id\":\"https:\\\/\\\/oxalia.eu\\\/produit\\\/offre-moorea-revente-1-ead\\\/#breadcrumb\",\"itemListElement\":[{\"@type\":\"ListItem\",\"position\":1,\"name\":\"Accueil\",\"item\":\"https:\\\/\\\/oxalia.eu\\\/en\\\/home\\\/\"},{\"@type\":\"ListItem\",\"position\":2,\"name\":\"Produits\",\"item\":\"https:\\\/\\\/oxalia.eu\\\/produits\\\/\"},{\"@type\":\"ListItem\",\"position\":3,\"name\":\"Offre MOOREA &#8211; Revente 1 (EAD)\"}]},{\"@type\":\"WebSite\",\"@id\":\"https:\\\/\\\/oxalia.eu\\\/#website\",\"url\":\"https:\\\/\\\/oxalia.eu\\\/\",\"name\":\"Oxalia\",\"description\":\"Cosm\u00e9tiques professionnels, biologiques, naturels et fabriqu\u00e9s en France\",\"publisher\":{\"@id\":\"https:\\\/\\\/oxalia.eu\\\/#organization\"},\"potentialAction\":[{\"@type\":\"SearchAction\",\"target\":{\"@type\":\"EntryPoint\",\"urlTemplate\":\"https:\\\/\\\/oxalia.eu\\\/?s={search_term_string}\"},\"query-input\":{\"@type\":\"PropertyValueSpecification\",\"valueRequired\":true,\"valueName\":\"search_term_string\"}}],\"inLanguage\":\"en-US\"},{\"@type\":\"Organization\",\"@id\":\"https:\\\/\\\/oxalia.eu\\\/#organization\",\"name\":\"Oxalia\",\"url\":\"https:\\\/\\\/oxalia.eu\\\/\",\"logo\":{\"@type\":\"ImageObject\",\"inLanguage\":\"en-US\",\"@id\":\"https:\\\/\\\/oxalia.eu\\\/#\\\/schema\\\/logo\\\/image\\\/\",\"url\":\"https:\\\/\\\/oxalia.eu\\\/wp-content\\\/uploads\\\/2025\\\/04\\\/cropped-logo-oxalia-gris.webp\",\"contentUrl\":\"https:\\\/\\\/oxalia.eu\\\/wp-content\\\/uploads\\\/2025\\\/04\\\/cropped-logo-oxalia-gris.webp\",\"width\":241,\"height\":76,\"caption\":\"Oxalia\"},\"image\":{\"@id\":\"https:\\\/\\\/oxalia.eu\\\/#\\\/schema\\\/logo\\\/image\\\/\"},\"sameAs\":[\"https:\\\/\\\/www.facebook.com\\\/oxaliaofficiel\",\"https:\\\/\\\/www.instagram.com\\\/oxalia.officiel\\\/\"]}]}<\/script>\n<!-- \/ Yoast SEO plugin. -->","yoast_head_json":{"title":"Offre MOOREA - Revente 1 \u2013 Coffret Corps & Cheveux | Oxalia","description":"Coffret solaire aux senteurs de tiar\u00e9 : gommage coco, spray apr\u00e8s-soleil, huiles illuminatrice et paillet\u00e9e. Un rituel complet pour sublimer et nourrir.","robots":{"index":"index","follow":"follow","max-snippet":"max-snippet:-1","max-image-preview":"max-image-preview:large","max-video-preview":"max-video-preview:-1"},"canonical":"https:\/\/oxalia.eu\/produit\/offre-moorea-revente-1-ead\/","og_locale":"en_US","og_type":"article","og_title":"Offre MOOREA - Revente 1 \u2013 Coffret Corps & Cheveux | Oxalia","og_description":"Coffret solaire aux senteurs de tiar\u00e9 : gommage coco, spray apr\u00e8s-soleil, huiles illuminatrice et paillet\u00e9e. Un rituel complet pour sublimer et nourrir.","og_url":"https:\/\/oxalia.eu\/produit\/offre-moorea-revente-1-ead\/","og_site_name":"Oxalia","article_publisher":"https:\/\/www.facebook.com\/oxaliaofficiel","article_modified_time":"2026-04-14T12:13:03+00:00","og_image":[{"width":850,"height":1000,"url":"https:\/\/oxalia.eu\/wp-content\/uploads\/2026\/04\/produits-revente1-moorea.webp","type":"image\/webp"}],"twitter_card":"summary_large_image","twitter_misc":{"Est. reading time":"2 minutes"},"schema":{"@context":"https:\/\/schema.org","@graph":[{"@type":"WebPage","@id":"https:\/\/oxalia.eu\/produit\/offre-moorea-revente-1-ead\/","url":"https:\/\/oxalia.eu\/produit\/offre-moorea-revente-1-ead\/","name":"Offre MOOREA - Revente 1 \u2013 Coffret Corps & Cheveux | Oxalia","isPartOf":{"@id":"https:\/\/oxalia.eu\/#website"},"primaryImageOfPage":{"@id":"https:\/\/oxalia.eu\/produit\/offre-moorea-revente-1-ead\/#primaryimage"},"image":{"@id":"https:\/\/oxalia.eu\/produit\/offre-moorea-revente-1-ead\/#primaryimage"},"thumbnailUrl":"https:\/\/oxalia.eu\/wp-content\/uploads\/2026\/04\/produits-revente1-moorea.webp","datePublished":"2026-04-08T07:14:07+00:00","dateModified":"2026-04-14T12:13:03+00:00","description":"Coffret solaire aux senteurs de tiar\u00e9 : gommage coco, spray apr\u00e8s-soleil, huiles illuminatrice et paillet\u00e9e. Un rituel complet pour sublimer et nourrir.","breadcrumb":{"@id":"https:\/\/oxalia.eu\/produit\/offre-moorea-revente-1-ead\/#breadcrumb"},"inLanguage":"en-US","potentialAction":[{"@type":"ReadAction","target":["https:\/\/oxalia.eu\/produit\/offre-moorea-revente-1-ead\/"]}]},{"@type":"ImageObject","inLanguage":"en-US","@id":"https:\/\/oxalia.eu\/produit\/offre-moorea-revente-1-ead\/#primaryimage","url":"https:\/\/oxalia.eu\/wp-content\/uploads\/2026\/04\/produits-revente1-moorea.webp","contentUrl":"https:\/\/oxalia.eu\/wp-content\/uploads\/2026\/04\/produits-revente1-moorea.webp","width":850,"height":1000},{"@type":"BreadcrumbList","@id":"https:\/\/oxalia.eu\/produit\/offre-moorea-revente-1-ead\/#breadcrumb","itemListElement":[{"@type":"ListItem","position":1,"name":"Accueil","item":"https:\/\/oxalia.eu\/en\/home\/"},{"@type":"ListItem","position":2,"name":"Produits","item":"https:\/\/oxalia.eu\/produits\/"},{"@type":"ListItem","position":3,"name":"Offre MOOREA &#8211; Revente 1 (EAD)"}]},{"@type":"WebSite","@id":"https:\/\/oxalia.eu\/#website","url":"https:\/\/oxalia.eu\/","name":"Oxalia","description":"Cosm\u00e9tiques professionnels, biologiques, naturels et fabriqu\u00e9s en France","publisher":{"@id":"https:\/\/oxalia.eu\/#organization"},"potentialAction":[{"@type":"SearchAction","target":{"@type":"EntryPoint","urlTemplate":"https:\/\/oxalia.eu\/?s={search_term_string}"},"query-input":{"@type":"PropertyValueSpecification","valueRequired":true,"valueName":"search_term_string"}}],"inLanguage":"en-US"},{"@type":"Organization","@id":"https:\/\/oxalia.eu\/#organization","name":"Oxalia","url":"https:\/\/oxalia.eu\/","logo":{"@type":"ImageObject","inLanguage":"en-US","@id":"https:\/\/oxalia.eu\/#\/schema\/logo\/image\/","url":"https:\/\/oxalia.eu\/wp-content\/uploads\/2025\/04\/cropped-logo-oxalia-gris.webp","contentUrl":"https:\/\/oxalia.eu\/wp-content\/uploads\/2025\/04\/cropped-logo-oxalia-gris.webp","width":241,"height":76,"caption":"Oxalia"},"image":{"@id":"https:\/\/oxalia.eu\/#\/schema\/logo\/image\/"},"sameAs":["https:\/\/www.facebook.com\/oxaliaofficiel","https:\/\/www.instagram.com\/oxalia.officiel\/"]}]}},"jetpack_sharing_enabled":true,"_links":{"self":[{"href":"https:\/\/oxalia.eu\/en\/wp-json\/wp\/v2\/product\/9687","targetHints":{"allow":["GET"]}}],"collection":[{"href":"https:\/\/oxalia.eu\/en\/wp-json\/wp\/v2\/product"}],"about":[{"href":"https:\/\/oxalia.eu\/en\/wp-json\/wp\/v2\/types\/product"}],"replies":[{"embeddable":true,"href":"https:\/\/oxalia.eu\/en\/wp-json\/wp\/v2\/comments?post=9687"}],"version-history":[{"count":2,"href":"https:\/\/oxalia.eu\/en\/wp-json\/wp\/v2\/product\/9687\/revisions"}],"predecessor-version":[{"id":9828,"href":"https:\/\/oxalia.eu\/en\/wp-json\/wp\/v2\/product\/9687\/revisions\/9828"}],"wp:featuredmedia":[{"embeddable":true,"href":"https:\/\/oxalia.eu\/en\/wp-json\/wp\/v2\/media\/9825"}],"wp:attachment":[{"href":"https:\/\/oxalia.eu\/en\/wp-json\/wp\/v2\/media?parent=9687"}],"wp:term":[{"taxonomy":"product_brand","embeddable":true,"href":"https:\/\/oxalia.eu\/en\/wp-json\/wp\/v2\/product_brand?post=9687"},{"taxonomy":"product_cat","embeddable":true,"href":"https:\/\/oxalia.eu\/en\/wp-json\/wp\/v2\/product_cat?post=9687"},{"taxonomy":"product_tag","embeddable":true,"href":"https:\/\/oxalia.eu\/en\/wp-json\/wp\/v2\/product_tag?post=9687"}],"curies":[{"name":"wp","href":"https:\/\/api.w.org\/{rel}","templated":true}]}}